{"id":101,"date":"2023-01-04T09:24:28","date_gmt":"2023-01-04T08:24:28","guid":{"rendered":"https:\/\/magical-banzai.89-22-100-11.plesk.page\/?page_id=101"},"modified":"2025-12-23T19:54:21","modified_gmt":"2025-12-23T18:54:21","slug":"storico","status":"publish","type":"page","link":"https:\/\/kronenwirt.com\/it\/ferienwohnung-partschins\/geschichtliches\/","title":{"rendered":"Storico"},"content":{"rendered":"<p>[et_pb_section fb_built=&#8220;1&#8243; admin_label=&#8220;Header&#8220; _builder_version=&#8220;4.19.4&#8243; _module_preset=&#8220;default&#8220; background_color=&#8220;#3C3634&#8243; background_color_gradient_start=&#8220;#3c3634&#8243; background_color_gradient_end=&#8220;#c1a366&#8243; background_image=&#8220;https:\/\/kronenwirt.com\/wp-content\/uploads\/Residence-Kronenwirt-Partschins-Geschichte.jpg&#8220; parallax=&#8220;on&#8220; parallax_method=&#8220;off&#8220; min_height=&#8220;900px&#8220; min_height_tablet=&#8220;550px&#8220; min_height_phone=&#8220;450px&#8220; min_height_last_edited=&#8220;on|phone&#8220; custom_padding=&#8220;124px|0px|133px|0px|false|false&#8220; background_last_edited=&#8220;on|phone&#8220; parallax_tablet=&#8220;off&#8220; parallax_phone=&#8220;off&#8220; locked=&#8220;off&#8220; global_colors_info=&#8220;{}&#8220;][et_pb_row custom_padding_last_edited=&#8220;on|phone&#8220; admin_label=&#8220;Header Text&#8220; _builder_version=&#8220;4.16&#8243; _module_preset=&#8220;default&#8220; custom_padding=&#8220;27px|0px|8px|0px|false|false&#8220; custom_padding_tablet=&#8220;&#8220; custom_padding_phone=&#8220;41px||&#8220; animation_style=&#8220;zoom&#8220; animation_duration=&#8220;1200ms&#8220; global_colors_info=&#8220;{}&#8220;][et_pb_column type=&#8220;4_4&#8243; _builder_version=&#8220;4.16&#8243; _module_preset=&#8220;default&#8220; custom_padding=&#8220;|||&#8220; global_colors_info=&#8220;{}&#8220; custom_padding__hover=&#8220;|||&#8220;][et_pb_text admin_label=&#8220;Unsere Kategorien&#8220; _builder_version=&#8220;4.16&#8243; _module_preset=&#8220;default&#8220; text_font=&#8220;Poppins||||||||&#8220; text_text_color=&#8220;rgba(255,255,255,0.91)&#8220; text_font_size=&#8220;24px&#8220; text_line_height=&#8220;1.8em&#8220; header_font=&#8220;Rubik|700|||||||&#8220; header_text_align=&#8220;center&#8220; header_text_color=&#8220;#ffffff&#8220; header_font_size=&#8220;40px&#8220; header_line_height=&#8220;1.5em&#8220; text_orientation=&#8220;center&#8220; max_width=&#8220;76%&#8220; module_alignment=&#8220;center&#8220; global_colors_info=&#8220;{}&#8220;]<\/p>\n<p>Since 1729<\/p>\n<p>[\/et_pb_text][et_pb_text admin_label=&#8220;APARTMENTS&#8220; _builder_version=&#8220;4.16&#8243; _module_preset=&#8220;default&#8220; text_font=&#8220;Poppins||||||||&#8220; text_text_color=&#8220;rgba(255,255,255,0.91)&#8220; text_font_size=&#8220;16px&#8220; text_line_height=&#8220;1.8em&#8220; header_font=&#8220;Belleza|600|||||||&#8220; header_text_align=&#8220;center&#8220; header_text_color=&#8220;#ffffff&#8220; header_font_size=&#8220;120px&#8220; header_line_height=&#8220;1.8em&#8220; text_orientation=&#8220;center&#8220; max_width=&#8220;98%&#8220; module_alignment=&#8220;center&#8220; custom_margin=&#8220;-15px|||&#8220; header_font_size_tablet=&#8220;80px&#8220; header_font_size_phone=&#8220;40px&#8220; header_font_size_last_edited=&#8220;on|tablet&#8220; header_line_height_tablet=&#8220;0.9em&#8220; header_line_height_phone=&#8220;&#8220; header_line_height_last_edited=&#8220;on|desktop&#8220; global_colors_info=&#8220;{}&#8220;]<\/p>\n<h1>DER KRONENWIRT<\/h1>\n<p>[\/et_pb_text][\/et_pb_column][\/et_pb_row][et_pb_row admin_label=&#8220;Trenner&#8220; _builder_version=&#8220;4.16&#8243; _module_preset=&#8220;default&#8220; custom_padding=&#8220;0|0px|20px|0px|false|false&#8220; animation_style=&#8220;roll&#8220; animation_duration=&#8220;1200ms&#8220; global_colors_info=&#8220;{}&#8220;][et_pb_column type=&#8220;4_4&#8243; _builder_version=&#8220;4.16&#8243; _module_preset=&#8220;default&#8220; custom_padding=&#8220;|||&#8220; global_colors_info=&#8220;{}&#8220; custom_padding__hover=&#8220;|||&#8220;][et_pb_divider color=&#8220;#ffffff&#8220; divider_weight=&#8220;3px&#8220; admin_label=&#8220;Trenner&#8220; _builder_version=&#8220;4.16&#8243; _module_preset=&#8220;default&#8220; max_width=&#8220;29%&#8220; module_alignment=&#8220;center&#8220; global_colors_info=&#8220;{}&#8220;][\/et_pb_divider][\/et_pb_column][\/et_pb_row][et_pb_row admin_label=&#8220;Unterkunft in Partschins&#8220; _builder_version=&#8220;4.16&#8243; _module_preset=&#8220;default&#8220; custom_padding=&#8220;17px|0px|27px|0px|false|false&#8220; animation_style=&#8220;slide&#8220; animation_direction=&#8220;bottom&#8220; animation_duration=&#8220;1200ms&#8220; global_colors_info=&#8220;{}&#8220;][et_pb_column type=&#8220;4_4&#8243; _builder_version=&#8220;4.16&#8243; _module_preset=&#8220;default&#8220; custom_padding=&#8220;|||&#8220; global_colors_info=&#8220;{}&#8220; custom_padding__hover=&#8220;|||&#8220;][et_pb_text admin_label=&#8220;So wohnen Sie hier in Partschins&#8220; _builder_version=&#8220;4.16&#8243; _module_preset=&#8220;default&#8220; text_font=&#8220;Poppins||||||||&#8220; text_text_color=&#8220;rgba(255,255,255,0.91)&#8220; text_font_size=&#8220;28px&#8220; text_line_height=&#8220;1.8em&#8220; header_font=&#8220;Rubik|700|||||||&#8220; header_text_align=&#8220;center&#8220; header_text_color=&#8220;#ffffff&#8220; header_font_size=&#8220;40px&#8220; header_line_height=&#8220;1.5em&#8220; text_orientation=&#8220;center&#8220; max_width=&#8220;64%&#8220; max_width_tablet=&#8220;&#8220; max_width_phone=&#8220;98%&#8220; max_width_last_edited=&#8220;on|desktop&#8220; module_alignment=&#8220;center&#8220; global_colors_info=&#8220;{}&#8220;]<\/p>\n<p>Gastgeber: Familie Gamper<\/p>\n<p>[\/et_pb_text][\/et_pb_column][\/et_pb_row][\/et_pb_section][et_pb_section fb_built=&#8220;1&#8243; _builder_version=&#8220;4.16&#8243; _module_preset=&#8220;default&#8220; custom_margin=&#8220;||||false|false&#8220; custom_margin_tablet=&#8220;||||false|false&#8220; custom_margin_phone=&#8220;||||false|false&#8220; custom_margin_last_edited=&#8220;on|desktop&#8220; custom_padding=&#8220;0px||0px||false|false&#8220; locked=&#8220;off&#8220; global_colors_info=&#8220;{}&#8220;][et_pb_row _builder_version=&#8220;4.16&#8243; _module_preset=&#8220;default&#8220; custom_margin_tablet=&#8220;&#8220; custom_margin_phone=&#8220;&#8220; custom_margin_last_edited=&#8220;on|desktop&#8220; custom_padding=&#8220;0px||0px||false|false&#8220; global_colors_info=&#8220;{}&#8220;][et_pb_column type=&#8220;4_4&#8243; _builder_version=&#8220;4.16&#8243; _module_preset=&#8220;default&#8220; global_colors_info=&#8220;{}&#8220;][et_pb_text _builder_version=&#8220;4.19.4&#8243; _module_preset=&#8220;default&#8220; text_font_size=&#8220;9px&#8220; text_orientation=&#8220;right&#8220; module_alignment=&#8220;right&#8220; global_colors_info=&#8220;{}&#8220;]<\/p>\n<p>Foto: Tourismusverein Partschins | Helmut Rier<\/p>\n<p>[\/et_pb_text][\/et_pb_column][\/et_pb_row][\/et_pb_section][et_pb_section fb_built=&#8220;1&#8243; _builder_version=&#8220;4.16&#8243; _module_preset=&#8220;default&#8220; global_colors_info=&#8220;{}&#8220;][et_pb_row _builder_version=&#8220;4.16&#8243; _module_preset=&#8220;default&#8220; width=&#8220;70%&#8220; custom_margin=&#8220;-70px|auto||auto||&#8220; global_colors_info=&#8220;{}&#8220;][et_pb_column type=&#8220;4_4&#8243; _builder_version=&#8220;4.16&#8243; _module_preset=&#8220;default&#8220; global_colors_info=&#8220;{}&#8220;][et_pb_text _builder_version=&#8220;4.19.4&#8243; _module_preset=&#8220;default&#8220; global_colors_info=&#8220;{}&#8220;]<\/p>\n<h2 class=\"title\">Geschichtliches<\/h2>\n<p>&nbsp;<\/p>\n<h3 class=\"clear\"><span style=\"color: #333333; font-size: 26px;\">Die Geschichte vom Kronenwirt<\/span><\/h3>\n<div id=\"post-1516\" class=\"post-1516 page type-page status-publish hentry\">\n<div class=\"entry-content\">\n<p>Die Urspr\u00fcnge des Hauses reichen ins 15. Jahrhundert zur\u00fcck; das genaue Baujahr ist nicht mehr feststellbar. Das Haus wurde 1728 urkundlich als \u201eSchreiberh\u00e4usl\u201c erw\u00e4hnt. 1729 hie\u00df es erstmals \u201eGasthaus zur Krone\u201c und wurde seitdem als Gasthaus gef\u00fchrt.<\/p>\n<p>Das alteingesessene Gasthaus hat anstelle des orts\u00fcblichen Stuhldaches ein Sparrendach, wobei es sich um eine f\u00fcr Tirol ungew\u00f6hnliche alemannische Dachkonstruktion handelt, die bei einem Um &#8211; und Ausbau des Hauses in der 2. H\u00e4lfte des 18. Jahrhunderts entstanden sein d\u00fcrfte. Der aufmerksame Beobachter kann von der Nordseite aus den Aufreiter erkennen, auf dem das Dreieck der Dachkante aufsitzt. Das Sparrendach gilt in Mittel- und Nordeuropa als die \u00e4lteste Form der Dachkonstruktionen, und wurde vor allem bei kleinen Geb\u00e4udetiefen von 7 bis 8 Metern und einer Dachneigung von rund 30\u00b0 gebaut.<\/p>\n<p>Vom \u201eKronenwirt\u201c stammen t\u00fcchtige Gastwirte, die sich um das Allgemeinwohl der Gemeinde Partschins verdient gemacht haben:<br \/>Alois Gamper, von 1901- 1908 Obmann und Kassaleiter aus der Pionierzeit der lokalen Raiffeisenkasse und Kommandant der Freiwilligen Feuerwehr Partschins (1895 &#8211; 1902). Von 1891 bis 1919 befand sich beim \u201eKronenwirt\u201c der erste Kassasitz der Raiffeisenkasse.<br \/>Simon Gamper (1882- 1979) war von 1922- 1926 B\u00fcrgermeister der Gemeinde Partschins. Er war \u00fcbrigens der letzte nach dem Ersten Weltkrieg demokratisch gew\u00e4hlte B\u00fcrgermeister, wurde von den faschistischen Machthabern abgesetzt, und an seine Stelle trat ein italienischer Amtsb\u00fcrgermeister (Podesta`). Simon Gamper war auch verdienter Obmann der Raiffeisenkasse (1944 &#8211; 1960).<\/p>\n<p>Gamper konnte sich noch gut an den Schreibmaschinenerfinder Peter Mitterhofer (1822-1893) erinnern, der ihm sogar das Spielen auf der Gitarre beibrachte. Mitterhofer war nicht nur ein genialer Bastler und Erfinder, er war auch sehr musikalisch und konnte auf allen Musikinstrumenten, die damals in Meran und Burggrafenamt \u00fcblich waren, spielen. Nach m\u00fcndlicher \u00dcberlieferung waren es 14 Musikinstrumente, die er sich selbst anfertigte, da ihm das Geld zum Ankauf derselben fehlte. Der Tausendsassa trat in den Gasth\u00e4usern der Gemeinde Partschins und der Umgebung als \u201eS\u00e4nger, Musikant, Tonk\u00fcnstler und Bauchredner\u201c auf. Wie Zeitzeugen berichteten, gab er beim \u201eKronenwirt\u201c besonders oft Abendkonzerte, da ihn die Wirtsleute gut bewirteten und honorierten.<\/p>\n<p>Zu Ehren ihres gro\u00dfen Sohnes, Peter Mitterhofer, hat die Gemeinde Partschins im Jahre 1997 ein Schreibmaschinenmuseum errichtet, welches betreffend Ausstattung und Design zweifelsohne weltweit das sch\u00f6nste und gr\u00f6\u00dfte dieser Art ist; es nennt sich daher zu Recht \u201eWeltmuseum der Schreibmaschine\u201c. Das Museum zeigt Leben und Werk des ber\u00fchmten Schreibmaschinenpioniers und die faszinierende Geschichte der Schreibmaschine, die rund 120 Jahre gedauert hat. Das Schreibmaschinenmuseum zeigt ein St\u00fcck Kulturgeschichte der gesamten Menschheit, ein St\u00fcck Weltgeschichte!<\/p>\n<p><em>Ewald Lassnig<\/em><\/p>\n<\/div>\n<\/div>\n<p>[\/et_pb_text][\/et_pb_column][\/et_pb_row][\/et_pb_section]<\/p>\n","protected":false},"excerpt":{"rendered":"<p>Since 1729DER KRONENWIRTGastgeber: Familie GamperFoto: Tourismusverein Partschins | Helmut RierGeschichtliches &nbsp; Die Geschichte vom Kronenwirt Die Urspr\u00fcnge des Hauses reichen ins 15. Jahrhundert zur\u00fcck; das genaue Baujahr ist nicht mehr feststellbar. Das Haus wurde 1728 urkundlich als \u201eSchreiberh\u00e4usl\u201c erw\u00e4hnt. 1729 hie\u00df es erstmals \u201eGasthaus zur Krone\u201c und wurde seitdem als Gasthaus gef\u00fchrt. Das alteingesessene Gasthaus [&hellip;]<\/p>\n","protected":false},"author":2,"featured_media":696,"parent":33,"menu_order":48,"comment_status":"closed","ping_status":"closed","template":"","meta":{"_et_pb_use_builder":"on","_et_pb_old_content":"","_et_gb_content_width":"","iawp_total_views":332,"footnotes":""},"difl_page_category":[],"class_list":["post-101","page","type-page","status-publish","has-post-thumbnail","hentry"],"_links":{"self":[{"href":"https:\/\/kronenwirt.com\/it\/wp-json\/wp\/v2\/pages\/101","targetHints":{"allow":["GET"]}}],"collection":[{"href":"https:\/\/kronenwirt.com\/it\/wp-json\/wp\/v2\/pages"}],"about":[{"href":"https:\/\/kronenwirt.com\/it\/wp-json\/wp\/v2\/types\/page"}],"author":[{"embeddable":true,"href":"https:\/\/kronenwirt.com\/it\/wp-json\/wp\/v2\/users\/2"}],"replies":[{"embeddable":true,"href":"https:\/\/kronenwirt.com\/it\/wp-json\/wp\/v2\/comments?post=101"}],"version-history":[{"count":1,"href":"https:\/\/kronenwirt.com\/it\/wp-json\/wp\/v2\/pages\/101\/revisions"}],"predecessor-version":[{"id":27099,"href":"https:\/\/kronenwirt.com\/it\/wp-json\/wp\/v2\/pages\/101\/revisions\/27099"}],"up":[{"embeddable":true,"href":"https:\/\/kronenwirt.com\/it\/wp-json\/wp\/v2\/pages\/33"}],"wp:featuredmedia":[{"embeddable":true,"href":"https:\/\/kronenwirt.com\/it\/wp-json\/wp\/v2\/media\/696"}],"wp:attachment":[{"href":"https:\/\/kronenwirt.com\/it\/wp-json\/wp\/v2\/media?parent=101"}],"wp:term":[{"taxonomy":"difl_page_category","embeddable":true,"href":"https:\/\/kronenwirt.com\/it\/wp-json\/wp\/v2\/difl_page_category?post=101"}],"curies":[{"name":"wp","href":"https:\/\/api.w.org\/{rel}","templated":true}]}}