{"id":53,"date":"2023-01-04T09:00:24","date_gmt":"2023-01-04T08:00:24","guid":{"rendered":"https:\/\/magical-banzai.89-22-100-11.plesk.page\/?page_id=53"},"modified":"2025-12-23T19:40:58","modified_gmt":"2025-12-23T18:40:58","slug":"servizi-inclusivi","status":"publish","type":"page","link":"https:\/\/kronenwirt.com\/it\/ferienwohnung-partschins\/inklusivleistungen\/","title":{"rendered":"Servizi inclusi"},"content":{"rendered":"<p>[et_pb_section fb_built=&#8220;1&#8243; admin_label=&#8220;Header&#8220; _builder_version=&#8220;4.19.4&#8243; _module_preset=&#8220;default&#8220; background_color=&#8220;#3C3634&#8243; background_color_gradient_start=&#8220;#3c3634&#8243; background_color_gradient_end=&#8220;#c1a366&#8243; background_image=&#8220;https:\/\/kronenwirt.com\/wp-content\/uploads\/Sauna-Ferienwohnung-Meran.webp&#8220; parallax=&#8220;on&#8220; parallax_method=&#8220;off&#8220; min_height=&#8220;900px&#8220; min_height_tablet=&#8220;550px&#8220; min_height_phone=&#8220;450px&#8220; min_height_last_edited=&#8220;on|phone&#8220; custom_padding=&#8220;124px|0px|133px|0px|false|false&#8220; background_last_edited=&#8220;on|phone&#8220; parallax_tablet=&#8220;off&#8220; parallax_phone=&#8220;off&#8220; global_colors_info=&#8220;{}&#8220;][et_pb_row custom_padding_last_edited=&#8220;on|phone&#8220; admin_label=&#8220;Header Text&#8220; _builder_version=&#8220;4.16&#8243; _module_preset=&#8220;default&#8220; custom_padding=&#8220;27px|0px|8px|0px|false|false&#8220; custom_padding_tablet=&#8220;&#8220; custom_padding_phone=&#8220;41px||&#8220; animation_style=&#8220;zoom&#8220; animation_duration=&#8220;1200ms&#8220; global_colors_info=&#8220;{}&#8220;][et_pb_column type=&#8220;4_4&#8243; _builder_version=&#8220;4.16&#8243; _module_preset=&#8220;default&#8220; custom_padding=&#8220;|||&#8220; global_colors_info=&#8220;{}&#8220; custom_padding__hover=&#8220;|||&#8220;][et_pb_text admin_label=&#8220;Quadratmeter&#8220; _builder_version=&#8220;4.16&#8243; _module_preset=&#8220;default&#8220; text_font=&#8220;Poppins||||||||&#8220; text_text_color=&#8220;rgba(255,255,255,0.91)&#8220; text_font_size=&#8220;24px&#8220; text_line_height=&#8220;1.8em&#8220; header_font=&#8220;Rubik|700|||||||&#8220; header_text_align=&#8220;center&#8220; header_text_color=&#8220;#ffffff&#8220; header_font_size=&#8220;40px&#8220; header_line_height=&#8220;1.5em&#8220; text_orientation=&#8220;center&#8220; max_width=&#8220;76%&#8220; module_alignment=&#8220;center&#8220; global_colors_info=&#8220;{}&#8220;]Lassen Sie sich verw\u00f6hnen<br \/>\n[\/et_pb_text][et_pb_text admin_label=&#8220;Name des Apartments&#8220; _builder_version=&#8220;4.19.4&#8243; _module_preset=&#8220;default&#8220; text_font=&#8220;Poppins||||||||&#8220; text_text_color=&#8220;rgba(255,255,255,0.91)&#8220; text_font_size=&#8220;16px&#8220; text_line_height=&#8220;1.8em&#8220; header_font=&#8220;Belleza|600|||||||&#8220; header_text_align=&#8220;center&#8220; header_text_color=&#8220;#ffffff&#8220; header_font_size=&#8220;120px&#8220; header_line_height=&#8220;1.8em&#8220; text_orientation=&#8220;center&#8220; max_width=&#8220;98%&#8220; module_alignment=&#8220;center&#8220; custom_margin=&#8220;-15px|||&#8220; header_font_size_tablet=&#8220;80px&#8220; header_font_size_phone=&#8220;40px&#8220; header_font_size_last_edited=&#8220;on|tablet&#8220; header_line_height_tablet=&#8220;0.9em&#8220; header_line_height_phone=&#8220;&#8220; header_line_height_last_edited=&#8220;on|desktop&#8220; global_colors_info=&#8220;{}&#8220;]<\/p>\n<h1>INKLUSIV<\/h1>\n<h1>LEISTUNGEN<\/h1>\n<p>[\/et_pb_text][\/et_pb_column][\/et_pb_row][et_pb_row admin_label=&#8220;Trenner&#8220; _builder_version=&#8220;4.16&#8243; _module_preset=&#8220;default&#8220; custom_padding=&#8220;0|0px|20px|0px|false|false&#8220; animation_style=&#8220;roll&#8220; animation_duration=&#8220;1200ms&#8220; global_colors_info=&#8220;{}&#8220;][et_pb_column type=&#8220;4_4&#8243; _builder_version=&#8220;4.16&#8243; _module_preset=&#8220;default&#8220; custom_padding=&#8220;|||&#8220; global_colors_info=&#8220;{}&#8220; custom_padding__hover=&#8220;|||&#8220;][et_pb_divider color=&#8220;#ffffff&#8220; divider_weight=&#8220;3px&#8220; admin_label=&#8220;Trenner&#8220; _builder_version=&#8220;4.16&#8243; _module_preset=&#8220;default&#8220; max_width=&#8220;29%&#8220; module_alignment=&#8220;center&#8220; global_colors_info=&#8220;{}&#8220;][\/et_pb_divider][\/et_pb_column][\/et_pb_row][et_pb_row admin_label=&#8220;Belegung Personenanzahl&#8220; _builder_version=&#8220;4.16&#8243; _module_preset=&#8220;default&#8220; custom_padding=&#8220;17px|0px|27px|0px|false|false&#8220; animation_style=&#8220;slide&#8220; animation_direction=&#8220;bottom&#8220; animation_duration=&#8220;1200ms&#8220; global_colors_info=&#8220;{}&#8220;][et_pb_column type=&#8220;4_4&#8243; _builder_version=&#8220;4.16&#8243; _module_preset=&#8220;default&#8220; custom_padding=&#8220;|||&#8220; global_colors_info=&#8220;{}&#8220; custom_padding__hover=&#8220;|||&#8220;][et_pb_text admin_label=&#8220;Belegung Personenanzahl&#8220; _builder_version=&#8220;4.16&#8243; _module_preset=&#8220;default&#8220; text_font=&#8220;Poppins||||||||&#8220; text_text_color=&#8220;rgba(255,255,255,0.91)&#8220; text_font_size=&#8220;28px&#8220; text_line_height=&#8220;1.8em&#8220; header_font=&#8220;Rubik|700|||||||&#8220; header_text_align=&#8220;center&#8220; header_text_color=&#8220;#ffffff&#8220; header_font_size=&#8220;40px&#8220; header_line_height=&#8220;1.5em&#8220; text_orientation=&#8220;center&#8220; max_width=&#8220;64%&#8220; max_width_tablet=&#8220;&#8220; max_width_phone=&#8220;98%&#8220; max_width_last_edited=&#8220;on|desktop&#8220; module_alignment=&#8220;center&#8220; global_colors_info=&#8220;{}&#8220;]Wohlf\u00fchlen in Partschins<br \/>\n[\/et_pb_text][\/et_pb_column][\/et_pb_row][\/et_pb_section][et_pb_section fb_built=&#8220;1&#8243; _builder_version=&#8220;4.16&#8243; _module_preset=&#8220;default&#8220; global_colors_info=&#8220;{}&#8220;][et_pb_row _builder_version=&#8220;4.16&#8243; _module_preset=&#8220;default&#8220; custom_margin=&#8220;-40px|auto||auto||&#8220; custom_padding=&#8220;30px|||||&#8220; global_colors_info=&#8220;{}&#8220;][et_pb_column type=&#8220;4_4&#8243; _builder_version=&#8220;4.16&#8243; _module_preset=&#8220;default&#8220; global_colors_info=&#8220;{}&#8220;][et_pb_text _builder_version=&#8220;4.19.5&#8243; _module_preset=&#8220;default&#8220; width=&#8220;70%&#8220; width_tablet=&#8220;95%&#8220; width_phone=&#8220;95%&#8220; width_last_edited=&#8220;on|phone&#8220; module_alignment=&#8220;center&#8220; custom_padding=&#8220;2px||40px|||&#8220; text_orientation_tablet=&#8220;&#8220; text_orientation_phone=&#8220;left&#8220; text_orientation_last_edited=&#8220;on|phone&#8220; global_colors_info=&#8220;{}&#8220;]<\/p>\n<h2>Inklusivleistungen<\/h2>\n<p>&nbsp;<\/p>\n<h2>Der Kronenwirt ist ein Ort zum Wohlf\u00fchlen.<\/h2>\n<p>Damit Sie Ihren Urlaub rundum genie\u00dfen k\u00f6nnen erwarten Sie bei uns folgende Inklusivleistungen:<\/p>\n<h3><\/h3>\n<h3>Kleiner Willkommensgru\u00df in der Wohnung<\/h3>\n<p>Genie\u00dfen Sie beim Ankommen einen S\u00fcdtiroler Apfel, eine Scheibe Speck und unser Quellwasser.<\/p>\n<hr \/>\n<h3><\/h3>\n<h3>Fr\u00fchst\u00fcck oder Br\u00f6tchenservice in Ihrem Appartement<\/h3>\n<p>Wir bringen Ihnen das Fr\u00fchst\u00fcck liebevoll, frisch und abwechslungsreich ganz privat in Ihrer Wohnung. F\u00fcr das Fr\u00fchst\u00fcck berechnen wir \u20ac 19 pro Person!<br \/>F\u00fcr weiter Informationen bitte klicken Sie <a href=\"https:\/\/kronenwirt.com\/ferienwohnung-partschins\/inklusivleistungen\/fruehstueckservice\/\"> hier!<\/a><\/p>\n<hr \/>\n<h3><\/h3>\n<h3><a href=\"https:\/\/kronenwirt.com\/ferienwohnung-partschins\/inklusivleistungen\/sauna-fitness\/\" rel=\"noopener\"><u>Heu-Sauna<\/u><\/a><\/h3>\n<p>Genie\u00dfen Sie nach einem gem\u00fctlichen Wandertag unsere neue Heu-Sauna! Der Duft des Bio-Heus aus dem &#8222;Zieltal&#8220; entspannt und Sie k\u00f6nnen die Natur pur genie\u00dfen! Die Sauna wird auf Anfrage kostenlos f\u00fcr Sie angemacht (ca. 0,5 Stunde Heizzeit). Saunat\u00fccher liegen bereit. Jedes Appartement hat die Sauna auf Wunsch 2 Stunden lang f\u00fcr sich allein, wir bitten aus organisatorischen Gr\u00fcnden um die rechtzeitige Reservierung.<\/p>\n<hr \/>\n<h3><\/h3>\n<h3><a href=\"https:\/\/kronenwirt.com\/ferienwohnung-partschins\/inklusivleistungen\/sauna-fitness\/\" rel=\"noopener\"><u>Fitnessraum<\/u><\/a><\/h3>\n<p>Dieser ist immer ge\u00f6ffnet und steht Ihnen ebenfalls kostenlos mit neuen Ger\u00e4ten zur Verf\u00fcgung.<\/p>\n<hr \/>\n<h3><\/h3>\n<h3>Kostenlos: High-Speed-WLAN (Wi-Fi) im ganzen Haus<\/h3>\n<hr \/>\n<h3><\/h3>\n<h3>Freier Eintritt in das \u00f6rtliche Freibad<\/h3>\n<hr \/>\n<h3><\/h3>\n<h3>Flauschiger Bademantel und Wellnesstasche mit Saunat\u00fcchern<\/h3>\n<hr \/>\n<h3><\/h3>\n<h3>Jeden zweiten Tag Zwischenreinigung (ohne K\u00fcche)<\/h3>\n<hr \/>\n<h3><\/h3>\n<h3>W\u00e4schewechsel 2x w\u00f6chentlich oder bei Bedarf<\/h3>\n<hr \/>\n<h3><\/h3>\n<h3>Babyausstattung<\/h3>\n<p>Ihr kleines Kind wohnt bei uns bis zum 6. Geburtstag kostenlos. F\u00fcr die kleinsten stehen Kinderbett, Wickelauflage mit geschlossenem Windeleimer, Baby-Badewanne mit Thermometer, sowie Ess-Sitz, Tellerchen und geeignetes Besteck bereit. Zum Haus geh\u00f6rt ein kleiner Spielplatz mit Sandkasten, Rutsche und Motorrad-Schaukel.<\/p>\n<hr \/>\n<h3><\/h3>\n<h3>Waschraum<\/h3>\n<p>Bei Verf\u00fcgbarkeit ist die Benutzung der Waschmaschine, des Trockners und des B\u00fcgelbretts und -eisens kostenlos. Wir bitten Sie allerdings aus R\u00fccksicht auf die anderen G\u00e4ste w\u00e4hrend der Nachtstunden nicht zu waschen. Den W\u00e4schest\u00e4nder finden Sie auf Ihrem Balkon bzw. Ihrer Terrasse.<\/p>\n<hr \/>\n<h3><\/h3>\n<h3>Cappuccino, Latte Macchiato, Espresso, Kr\u00e4utertees&#8230;<\/h3>\n<p>Kostenlose Benutzung unseres nagelneuen Jura Kaffeevollautomaten im Eingangsbereich (6 direkt w\u00e4hlbare Kaffeespezialit\u00e4ten, mit einer kleinen Auswahl an Kr\u00e4utertees)<\/p>\n<hr \/>\n<h3><\/h3>\n<h3>Digitaler Lesezirkel<\/h3>\n<p>Sobald Sie Ihr Smartphone oder Tablet mit unserem W-Lan verbinden haben Sie kostenlosen Zugriff auf \u00fcber 400 aktuelle Tageszeitungen, Zeitschriften und Magazine.<\/p>\n<hr \/>\n<h3><\/h3>\n<h3>Ein besonderes Gastgeschenk &#8211; die <a href=\"https:\/\/kronenwirt.com\/ferienwohnung-partschins\/inklusivleistungen\/merancard\/\" rel=\"noopener\"><u>MeranCard<\/u><\/a><\/h3>\n<p>Kostenlose Nutzung aller \u00f6ffentlichen Verkehrsmittel inklusive Eintritt in \u00fcber 90 landeseigene Museen mit unserer MeranCard.<br \/>Auch die Vorteile unserer GuestCard sind f\u00fcr Sie ganzj\u00e4hrig nutzbar<\/p>\n<hr \/>\n<h3><\/h3>\n<h3>Aktivit\u00e4ten-Programm<\/h3>\n<p>mit Wanderungen, sportlichen Exkursionen und jahreszeitlichen Highlights unseres Tourismusvereins.<br \/>Einmal w\u00f6chentlich findet die beliebte gef\u00fchrte Wanderung mit dem Chef des Hauses statt.<\/p>\n<hr \/>\n<h3><\/h3>\n<h3>Gratisverleih von Wanderst\u00f6cken und Rucks\u00e4cken<\/h3>\n<hr \/>\n<h3><\/h3>\n<h3>Parkplatz<\/h3>\n<p>Ihren Pkw k\u00f6nnen Sie direkt vor dem Eingang der Residence oder vor unserer Pizzeria abstellen.<\/p>\n<hr \/>\n<h3><\/h3>\n<h3>Im Hause Pizzeria und Winebar<\/h3>\n<hr \/>\n<h3><\/h3>\n<h3>Kleine Verkaufsecke von Weinen, Pasta und Oliven\u00f6len<\/h3>\n<hr \/>\n<h3><\/h3>\n<h3>Panoramaterrasse<\/h3>\n<p>auf der Sie ein Aperitif und Pizzaspezialit\u00e4ten genie\u00dfen k\u00f6nnen<\/p>\n<p>[\/et_pb_text][\/et_pb_column][\/et_pb_row][\/et_pb_section]<\/p>\n","protected":false},"excerpt":{"rendered":"<p>Lassen Sie sich verw\u00f6hnen INKLUSIV LEISTUNGENWohlf\u00fchlen in Partschins Inklusivleistungen &nbsp; Der Kronenwirt ist ein Ort zum Wohlf\u00fchlen. Damit Sie Ihren Urlaub rundum genie\u00dfen k\u00f6nnen erwarten Sie bei uns folgende Inklusivleistungen: Kleiner Willkommensgru\u00df in der Wohnung Genie\u00dfen Sie beim Ankommen einen S\u00fcdtiroler Apfel, eine Scheibe Speck und unser Quellwasser. Fr\u00fchst\u00fcck oder Br\u00f6tchenservice in Ihrem Appartement Wir [&hellip;]<\/p>\n","protected":false},"author":2,"featured_media":607,"parent":33,"menu_order":30,"comment_status":"closed","ping_status":"closed","template":"","meta":{"_et_pb_use_builder":"on","_et_pb_old_content":"","_et_gb_content_width":"","iawp_total_views":774,"footnotes":""},"difl_page_category":[],"class_list":["post-53","page","type-page","status-publish","has-post-thumbnail","hentry"],"_links":{"self":[{"href":"https:\/\/kronenwirt.com\/it\/wp-json\/wp\/v2\/pages\/53","targetHints":{"allow":["GET"]}}],"collection":[{"href":"https:\/\/kronenwirt.com\/it\/wp-json\/wp\/v2\/pages"}],"about":[{"href":"https:\/\/kronenwirt.com\/it\/wp-json\/wp\/v2\/types\/page"}],"author":[{"embeddable":true,"href":"https:\/\/kronenwirt.com\/it\/wp-json\/wp\/v2\/users\/2"}],"replies":[{"embeddable":true,"href":"https:\/\/kronenwirt.com\/it\/wp-json\/wp\/v2\/comments?post=53"}],"version-history":[{"count":1,"href":"https:\/\/kronenwirt.com\/it\/wp-json\/wp\/v2\/pages\/53\/revisions"}],"predecessor-version":[{"id":26989,"href":"https:\/\/kronenwirt.com\/it\/wp-json\/wp\/v2\/pages\/53\/revisions\/26989"}],"up":[{"embeddable":true,"href":"https:\/\/kronenwirt.com\/it\/wp-json\/wp\/v2\/pages\/33"}],"wp:featuredmedia":[{"embeddable":true,"href":"https:\/\/kronenwirt.com\/it\/wp-json\/wp\/v2\/media\/607"}],"wp:attachment":[{"href":"https:\/\/kronenwirt.com\/it\/wp-json\/wp\/v2\/media?parent=53"}],"wp:term":[{"taxonomy":"difl_page_category","embeddable":true,"href":"https:\/\/kronenwirt.com\/it\/wp-json\/wp\/v2\/difl_page_category?post=53"}],"curies":[{"name":"wp","href":"https:\/\/api.w.org\/{rel}","templated":true}]}}