{"id":61,"date":"2023-01-04T09:01:42","date_gmt":"2023-01-04T08:01:42","guid":{"rendered":"https:\/\/magical-banzai.89-22-100-11.plesk.page\/?page_id=61"},"modified":"2025-12-23T19:41:07","modified_gmt":"2025-12-23T18:41:07","slug":"servizio-di-prima-colazione","status":"publish","type":"page","link":"https:\/\/kronenwirt.com\/it\/ferienwohnung-partschins\/inklusivleistungen\/fruehstueckservice\/","title":{"rendered":"Servizio di prima colazione"},"content":{"rendered":"<p>[et_pb_section fb_built=&#8220;1&#8243; admin_label=&#8220;Header&#8220; _builder_version=&#8220;4.19.4&#8243; _module_preset=&#8220;default&#8220; background_color=&#8220;#3C3634&#8243; background_color_gradient_start=&#8220;#3c3634&#8243; background_color_gradient_end=&#8220;#c1a366&#8243; background_image=&#8220;https:\/\/kronenwirt.com\/wp-content\/uploads\/Fruehstuecksservice-Ferienwohnung-Partschins-1.jpg&#8220; parallax=&#8220;on&#8220; parallax_method=&#8220;off&#8220; min_height=&#8220;900px&#8220; min_height_tablet=&#8220;550px&#8220; min_height_phone=&#8220;450px&#8220; min_height_last_edited=&#8220;on|phone&#8220; custom_padding=&#8220;124px|0px|133px|0px|false|false&#8220; background_last_edited=&#8220;on|phone&#8220; parallax_tablet=&#8220;off&#8220; parallax_phone=&#8220;off&#8220; locked=&#8220;off&#8220; global_colors_info=&#8220;{}&#8220;][et_pb_row custom_padding_last_edited=&#8220;on|phone&#8220; admin_label=&#8220;Header Text&#8220; _builder_version=&#8220;4.16&#8243; _module_preset=&#8220;default&#8220; custom_padding=&#8220;27px|0px|8px|0px|false|false&#8220; custom_padding_tablet=&#8220;&#8220; custom_padding_phone=&#8220;41px||&#8220; animation_style=&#8220;zoom&#8220; animation_duration=&#8220;1200ms&#8220; global_colors_info=&#8220;{}&#8220;][et_pb_column type=&#8220;4_4&#8243; _builder_version=&#8220;4.16&#8243; _module_preset=&#8220;default&#8220; custom_padding=&#8220;|||&#8220; global_colors_info=&#8220;{}&#8220; custom_padding__hover=&#8220;|||&#8220;][et_pb_text admin_label=&#8220;Unsere Kategorien&#8220; _builder_version=&#8220;4.16&#8243; _module_preset=&#8220;default&#8220; text_font=&#8220;Poppins||||||||&#8220; text_text_color=&#8220;rgba(255,255,255,0.91)&#8220; text_font_size=&#8220;24px&#8220; text_line_height=&#8220;1.8em&#8220; header_font=&#8220;Rubik|700|||||||&#8220; header_text_align=&#8220;center&#8220; header_text_color=&#8220;#ffffff&#8220; header_font_size=&#8220;40px&#8220; header_line_height=&#8220;1.5em&#8220; text_orientation=&#8220;center&#8220; max_width=&#8220;76%&#8220; module_alignment=&#8220;center&#8220; global_colors_info=&#8220;{}&#8220;]<\/p>\n<p>Bis vor die Wohnungst\u00fcr<\/p>\n<p>[\/et_pb_text][et_pb_text admin_label=&#8220;APARTMENTS&#8220; _builder_version=&#8220;4.16&#8243; _module_preset=&#8220;default&#8220; text_font=&#8220;Poppins||||||||&#8220; text_text_color=&#8220;rgba(255,255,255,0.91)&#8220; text_font_size=&#8220;16px&#8220; text_line_height=&#8220;1.8em&#8220; header_font=&#8220;Belleza|600|||||||&#8220; header_text_align=&#8220;center&#8220; header_text_color=&#8220;#ffffff&#8220; header_font_size=&#8220;120px&#8220; header_line_height=&#8220;1.8em&#8220; text_orientation=&#8220;center&#8220; max_width=&#8220;98%&#8220; module_alignment=&#8220;center&#8220; custom_margin=&#8220;-15px|||&#8220; header_font_size_tablet=&#8220;80px&#8220; header_font_size_phone=&#8220;40px&#8220; header_font_size_last_edited=&#8220;on|tablet&#8220; header_line_height_tablet=&#8220;0.9em&#8220; header_line_height_phone=&#8220;&#8220; header_line_height_last_edited=&#8220;on|desktop&#8220; global_colors_info=&#8220;{}&#8220;]<\/p>\n<h1>FR\u00dcHST\u00dcCK-SERVICE<\/h1>\n<p>[\/et_pb_text][\/et_pb_column][\/et_pb_row][et_pb_row admin_label=&#8220;Trenner&#8220; _builder_version=&#8220;4.16&#8243; _module_preset=&#8220;default&#8220; custom_padding=&#8220;0|0px|20px|0px|false|false&#8220; animation_style=&#8220;roll&#8220; animation_duration=&#8220;1200ms&#8220; global_colors_info=&#8220;{}&#8220;][et_pb_column type=&#8220;4_4&#8243; _builder_version=&#8220;4.16&#8243; _module_preset=&#8220;default&#8220; custom_padding=&#8220;|||&#8220; global_colors_info=&#8220;{}&#8220; custom_padding__hover=&#8220;|||&#8220;][et_pb_divider color=&#8220;#ffffff&#8220; divider_weight=&#8220;3px&#8220; admin_label=&#8220;Trenner&#8220; _builder_version=&#8220;4.16&#8243; _module_preset=&#8220;default&#8220; max_width=&#8220;29%&#8220; module_alignment=&#8220;center&#8220; global_colors_info=&#8220;{}&#8220;][\/et_pb_divider][\/et_pb_column][\/et_pb_row][et_pb_row admin_label=&#8220;Unterkunft in Partschins&#8220; _builder_version=&#8220;4.16&#8243; _module_preset=&#8220;default&#8220; custom_padding=&#8220;17px|0px|27px|0px|false|false&#8220; animation_style=&#8220;slide&#8220; animation_direction=&#8220;bottom&#8220; animation_duration=&#8220;1200ms&#8220; global_colors_info=&#8220;{}&#8220;][et_pb_column type=&#8220;4_4&#8243; _builder_version=&#8220;4.16&#8243; _module_preset=&#8220;default&#8220; custom_padding=&#8220;|||&#8220; global_colors_info=&#8220;{}&#8220; custom_padding__hover=&#8220;|||&#8220;][et_pb_text admin_label=&#8220;So wohnen Sie hier in Partschins&#8220; _builder_version=&#8220;4.16&#8243; _module_preset=&#8220;default&#8220; text_font=&#8220;Poppins||||||||&#8220; text_text_color=&#8220;rgba(255,255,255,0.91)&#8220; text_font_size=&#8220;28px&#8220; text_line_height=&#8220;1.8em&#8220; header_font=&#8220;Rubik|700|||||||&#8220; header_text_align=&#8220;center&#8220; header_text_color=&#8220;#ffffff&#8220; header_font_size=&#8220;40px&#8220; header_line_height=&#8220;1.5em&#8220; text_orientation=&#8220;center&#8220; max_width=&#8220;64%&#8220; max_width_tablet=&#8220;&#8220; max_width_phone=&#8220;98%&#8220; max_width_last_edited=&#8220;on|desktop&#8220; module_alignment=&#8220;center&#8220; global_colors_info=&#8220;{}&#8220;]<\/p>\n<p>Und der Tag kann kommen<\/p>\n<p>[\/et_pb_text][\/et_pb_column][\/et_pb_row][\/et_pb_section][et_pb_section fb_built=&#8220;1&#8243; _builder_version=&#8220;4.16&#8243; _module_preset=&#8220;default&#8220; custom_padding=&#8220;80px||80px||true|false&#8220; collapsed=&#8220;off&#8220; global_colors_info=&#8220;{}&#8220;][et_pb_row column_structure=&#8220;1_2,1_2&#8243; use_custom_gutter=&#8220;on&#8220; make_equal=&#8220;on&#8220; custom_padding_last_edited=&#8220;off|desktop&#8220; padding_top_bottom_link_1=&#8220;true&#8220; _builder_version=&#8220;4.19.4&#8243; _module_preset=&#8220;default&#8220; width_tablet=&#8220;94%&#8220; width_phone=&#8220;94%&#8220; width_last_edited=&#8220;off|phone&#8220; max_width_tablet=&#8220;94%&#8220; max_width_phone=&#8220;94%&#8220; max_width_last_edited=&#8220;off|tablet&#8220; custom_padding_tablet=&#8220;22px||&#8220; global_colors_info=&#8220;{}&#8220;][et_pb_column type=&#8220;1_2&#8243; _builder_version=&#8220;4.16&#8243; _module_preset=&#8220;default&#8220; custom_padding=&#8220;|44px|||false|false&#8220; custom_padding_tablet=&#8220;|0px|||false|false&#8220; custom_padding_phone=&#8220;|0px|||false|false&#8220; custom_padding_last_edited=&#8220;on|tablet&#8220; global_colors_info=&#8220;{}&#8220; custom_padding__hover=&#8220;|||&#8220;][et_pb_text admin_label=&#8220;Preis&#8220; _builder_version=&#8220;4.16&#8243; _module_preset=&#8220;default&#8220; text_font=&#8220;Poppins|600||on|||||&#8220; text_text_color=&#8220;#000000&#8243; text_letter_spacing=&#8220;2px&#8220; text_line_height=&#8220;1.3em&#8220; global_colors_info=&#8220;{}&#8220;]<\/p>\n<p>GENUSS AM MORGEN<\/p>\n<p>[\/et_pb_text][et_pb_text admin_label=&#8220;Name Apartment&#8220; _builder_version=&#8220;4.16&#8243; _module_preset=&#8220;default&#8220; header_font=&#8220;Poppins||||||||&#8220; header_2_font=&#8220;Poppins|300|||||||&#8220; header_2_text_color=&#8220;#000000&#8243; header_2_font_size=&#8220;40px&#8220; header_2_line_height=&#8220;1.4em&#8220; custom_margin_tablet=&#8220;-16px||7px&#8220; custom_margin_phone=&#8220;-13px||6px&#8220; custom_margin_last_edited=&#8220;on|desktop&#8220; header_2_font_size_tablet=&#8220;&#8220; header_2_font_size_phone=&#8220;25px&#8220; header_2_font_size_last_edited=&#8220;on|desktop&#8220; global_colors_info=&#8220;{}&#8220;]<\/p>\n<h2>so bequem ist<br \/><strong>Fr\u00fchst\u00fcckservice<br \/><\/strong><\/h2>\n<p>[\/et_pb_text][et_pb_text admin_label=&#8220;Beschreibung&#8220; _builder_version=&#8220;4.16&#8243; _module_preset=&#8220;default&#8220; text_font=&#8220;Poppins||||||||&#8220; text_text_color=&#8220;#000000&#8243; text_font_size=&#8220;18px&#8220; text_line_height=&#8220;1.8em&#8220; max_width=&#8220;477px&#8220; max_width_tablet=&#8220;100%&#8220; max_width_phone=&#8220;&#8220; max_width_last_edited=&#8220;on|desktop&#8220; global_colors_info=&#8220;{}&#8220;]<\/p>\n<p>Ein wundervoller Start in den neuen Tag. Wir bringen Ihnen das liebevoll zusammengestellte Fr\u00fchst\u00fcck, regional frisch und abwechslungsreich, ganz privat in Ihre Wohnung.<\/p>\n<p>Warme Getr\u00e4nke, S\u00fcdtiroler Butter, hausgemachte Marmelade, M\u00fcsli und Joghurt, frisches Obst nach Jahreszeit, Fruchtsaft, eine Auswahl an Wurst und K\u00e4se, Speck und Schinken, Croissants und ofenfrische Br\u00f6tchen werden serviert.<\/p>\n<p>F\u00fcr das Fr\u00fchst\u00fcck berechnen wir <strong>19,00 \u20ac pro Person, <\/strong>bitte buchen Sie diesen Service bei der Reservierung gleich mit!<\/p>\n<p>Gegen Aufpreis bringen wir Ihnen dazu gern verschiedene Eierspeisen, Lachs oder auch ein Fl\u00e4schchen Sekt.<\/p>\n<p>[\/et_pb_text][\/et_pb_column][et_pb_column type=&#8220;1_2&#8243; _builder_version=&#8220;4.19.4&#8243; _module_preset=&#8220;default&#8220; background_image=&#8220;https:\/\/kronenwirt.com\/wp-content\/uploads\/Fruehstueck-Ferienwohnung-Partschins.jpg&#8220; custom_padding=&#8220;|||&#8220; global_colors_info=&#8220;{}&#8220; custom_padding__hover=&#8220;|||&#8220;][et_pb_text _builder_version=&#8220;4.16&#8243; _module_preset=&#8220;default&#8220; text_font=&#8220;Poppins|500|||||||&#8220; text_text_color=&#8220;#ffffff&#8220; text_font_size=&#8220;22px&#8220; text_letter_spacing=&#8220;1px&#8220; text_line_height=&#8220;1em&#8220; background_color=&#8220;#3C3634&#8243; transform_scale_tablet=&#8220;&#8220; transform_scale_phone=&#8220;&#8220; transform_scale_last_edited=&#8220;on|desktop&#8220; transform_translate_tablet=&#8220;&#8220; transform_translate_phone=&#8220;&#8220; transform_translate_last_edited=&#8220;on|desktop&#8220; transform_translate_linked__hover=&#8220;off&#8220; transform_rotate=&#8220;0deg|0deg|90deg&#8220; transform_rotate_tablet=&#8220;0deg|0deg|0deg&#8220; transform_rotate_phone=&#8220;0deg|0deg|0deg&#8220; transform_rotate_last_edited=&#8220;on|desktop&#8220; transform_skew_tablet=&#8220;&#8220; transform_skew_phone=&#8220;&#8220; transform_skew_last_edited=&#8220;on|desktop&#8220; transform_origin_tablet=&#8220;&#8220; transform_origin_phone=&#8220;&#8220; transform_origin_last_edited=&#8220;on|desktop&#8220; transform_styles_last_edited=&#8220;on|desktop&#8220; z_index=&#8220;9999999999&#8243; max_width=&#8220;420px&#8220; max_width_tablet=&#8220;&#8220; max_width_phone=&#8220;260px&#8220; max_width_last_edited=&#8220;on|desktop&#8220; custom_margin=&#8220;82px|||-109px|false|false&#8220; custom_margin_tablet=&#8220;123px||68px|0px&#8220; custom_margin_phone=&#8220;115px||31px|0px&#8220; custom_margin_last_edited=&#8220;on|desktop&#8220; custom_padding=&#8220;44px||40px|60px|false|false&#8220; custom_padding_tablet=&#8220;&#8220; custom_padding_phone=&#8220;26px||23px|33px&#8220; custom_padding_last_edited=&#8220;on|desktop&#8220; text_font_size_tablet=&#8220;&#8220; text_font_size_phone=&#8220;30px&#8220; text_font_size_last_edited=&#8220;on|desktop&#8220; transform_styles_tablet=&#8220;&#8220; transform_styles_phone=&#8220;&#8220; text_text_align=&#8220;left&#8220; global_colors_info=&#8220;{}&#8220; background__hover_enabled=&#8220;off&#8220; background_color__hover=&#8220;#70D4A4&#8243; text_text_color__hover_enabled=&#8220;off&#8220; text_text_color__hover=&#8220;#ffffff&#8220; transform_styles__hover_enabled=&#8220;off&#8220; transform_scale__hover_enabled=&#8220;off&#8220; transform_translate__hover_enabled=&#8220;off&#8220; transform_rotate__hover_enabled=&#8220;off&#8220; transform_skew__hover_enabled=&#8220;off&#8220; transform_origin__hover_enabled=&#8220;off&#8220; transform_translate__hover=&#8220;0px|-17px&#8220;]<\/p>\n<p>Fr\u00fchst\u00fccks-W\u00e4gelchen<\/p>\n<p>[\/et_pb_text][\/et_pb_column][\/et_pb_row][\/et_pb_section][et_pb_section fb_built=&#8220;1&#8243; _builder_version=&#8220;4.16&#8243; _module_preset=&#8220;default&#8220; background_color=&#8220;#f4f4f4&#8243; custom_padding=&#8220;80px||80px||true|false&#8220; collapsed=&#8220;off&#8220; global_colors_info=&#8220;{}&#8220;][et_pb_row column_structure=&#8220;1_2,1_2&#8243; use_custom_gutter=&#8220;on&#8220; make_equal=&#8220;on&#8220; custom_padding_last_edited=&#8220;off|desktop&#8220; padding_top_bottom_link_1=&#8220;true&#8220; _builder_version=&#8220;4.19.4&#8243; _module_preset=&#8220;default&#8220; width_tablet=&#8220;94%&#8220; width_phone=&#8220;94%&#8220; width_last_edited=&#8220;off|phone&#8220; max_width_tablet=&#8220;94%&#8220; max_width_phone=&#8220;94%&#8220; max_width_last_edited=&#8220;off|tablet&#8220; custom_padding_tablet=&#8220;22px||&#8220; global_colors_info=&#8220;{}&#8220;][et_pb_column type=&#8220;1_2&#8243; _builder_version=&#8220;4.19.4&#8243; _module_preset=&#8220;default&#8220; background_image=&#8220;https:\/\/kronenwirt.com\/wp-content\/uploads\/Fruehstuecksservice-Ferienwohnung-Partschins.jpg&#8220; custom_padding=&#8220;|44px|||false|false&#8220; custom_padding_tablet=&#8220;|0px|||false|false&#8220; custom_padding_phone=&#8220;|0px|||false|false&#8220; custom_padding_last_edited=&#8220;on|tablet&#8220; global_colors_info=&#8220;{}&#8220; custom_padding__hover=&#8220;|||&#8220;][et_pb_text _builder_version=&#8220;4.16&#8243; _module_preset=&#8220;default&#8220; text_font=&#8220;Poppins|500|||||||&#8220; text_text_color=&#8220;#ffffff&#8220; text_font_size=&#8220;22px&#8220; text_letter_spacing=&#8220;1px&#8220; text_line_height=&#8220;1em&#8220; background_color=&#8220;#3C3634&#8243; transform_scale_tablet=&#8220;&#8220; transform_scale_phone=&#8220;&#8220; transform_scale_last_edited=&#8220;on|desktop&#8220; transform_translate_tablet=&#8220;&#8220; transform_translate_phone=&#8220;&#8220; transform_translate_last_edited=&#8220;on|desktop&#8220; transform_translate_linked__hover=&#8220;off&#8220; transform_rotate=&#8220;0deg|0deg|90deg&#8220; transform_rotate_tablet=&#8220;0deg|0deg|0deg&#8220; transform_rotate_phone=&#8220;0deg|0deg|0deg&#8220; transform_rotate_last_edited=&#8220;on|desktop&#8220; transform_skew_tablet=&#8220;&#8220; transform_skew_phone=&#8220;&#8220; transform_skew_last_edited=&#8220;on|desktop&#8220; transform_origin_tablet=&#8220;&#8220; transform_origin_phone=&#8220;&#8220; transform_origin_last_edited=&#8220;on|desktop&#8220; transform_styles_last_edited=&#8220;on|desktop&#8220; z_index=&#8220;9999999999&#8243; max_width=&#8220;420px&#8220; max_width_tablet=&#8220;&#8220; max_width_phone=&#8220;260px&#8220; max_width_last_edited=&#8220;on|desktop&#8220; custom_margin=&#8220;82px|||-109px|false|false&#8220; custom_margin_tablet=&#8220;123px||68px|0px&#8220; custom_margin_phone=&#8220;115px||31px|0px&#8220; custom_margin_last_edited=&#8220;on|desktop&#8220; custom_padding=&#8220;44px||40px|60px|false|false&#8220; custom_padding_tablet=&#8220;&#8220; custom_padding_phone=&#8220;26px||23px|33px&#8220; custom_padding_last_edited=&#8220;on|desktop&#8220; text_font_size_tablet=&#8220;&#8220; text_font_size_phone=&#8220;30px&#8220; text_font_size_last_edited=&#8220;on|desktop&#8220; transform_styles_tablet=&#8220;&#8220; transform_styles_phone=&#8220;&#8220; text_text_align=&#8220;left&#8220; global_colors_info=&#8220;{}&#8220; background__hover_enabled=&#8220;off&#8220; background_color__hover=&#8220;#70D4A4&#8243; text_text_color__hover_enabled=&#8220;off&#8220; text_text_color__hover=&#8220;#ffffff&#8220; transform_styles__hover_enabled=&#8220;off&#8220; transform_scale__hover_enabled=&#8220;off&#8220; transform_translate__hover_enabled=&#8220;off&#8220; transform_rotate__hover_enabled=&#8220;off&#8220; transform_skew__hover_enabled=&#8220;off&#8220; transform_origin__hover_enabled=&#8220;off&#8220; transform_translate__hover=&#8220;0px|-17px&#8220;]<\/p>\n<p>Brot und Br\u00f6tchen<\/p>\n<p>[\/et_pb_text][\/et_pb_column][et_pb_column type=&#8220;1_2&#8243; _builder_version=&#8220;4.16&#8243; _module_preset=&#8220;default&#8220; background_enable_image=&#8220;off&#8220; custom_padding=&#8220;|||&#8220; global_colors_info=&#8220;{}&#8220; custom_padding__hover=&#8220;|||&#8220;][et_pb_text admin_label=&#8220;Preis&#8220; _builder_version=&#8220;4.16&#8243; _module_preset=&#8220;default&#8220; text_font=&#8220;Poppins|600||on|||||&#8220; text_text_color=&#8220;#000000&#8243; text_letter_spacing=&#8220;2px&#8220; text_line_height=&#8220;1.3em&#8220; global_colors_info=&#8220;{}&#8220;]<\/p>\n<p>AUF VORBESTELLUNG<\/p>\n<p>[\/et_pb_text][et_pb_text admin_label=&#8220;Name Apartment&#8220; _builder_version=&#8220;4.16&#8243; _module_preset=&#8220;default&#8220; header_font=&#8220;Poppins||||||||&#8220; header_2_font=&#8220;Poppins|300|||||||&#8220; header_2_text_color=&#8220;#000000&#8243; header_2_font_size=&#8220;40px&#8220; header_2_line_height=&#8220;1.4em&#8220; custom_margin_tablet=&#8220;-16px||7px&#8220; custom_margin_phone=&#8220;-13px||6px&#8220; custom_margin_last_edited=&#8220;on|desktop&#8220; header_2_font_size_tablet=&#8220;&#8220; header_2_font_size_phone=&#8220;25px&#8220; header_2_font_size_last_edited=&#8220;on|desktop&#8220; global_colors_info=&#8220;{}&#8220;]<\/p>\n<h2>Brottasche<br \/><strong>Br\u00f6tchenservice<br \/><\/strong><\/h2>\n<p>[\/et_pb_text][et_pb_text admin_label=&#8220;Beschreibung&#8220; _builder_version=&#8220;4.16&#8243; _module_preset=&#8220;default&#8220; text_font=&#8220;Poppins||||||||&#8220; text_text_color=&#8220;#000000&#8243; text_font_size=&#8220;18px&#8220; text_line_height=&#8220;1.8em&#8220; max_width=&#8220;477px&#8220; max_width_tablet=&#8220;100%&#8220; max_width_phone=&#8220;&#8220; max_width_last_edited=&#8220;on|desktop&#8220; custom_padding=&#8220;||0px|||&#8220; global_colors_info=&#8220;{}&#8220;]<\/p>\n<p>Warum genie\u00dfen Sie Ihr Fr\u00fchst\u00fcck nicht auf Ihrem Balkon oder auf der Terrasse in der Morgensonne mit Blick auf Meran?<\/p>\n<p>Bestellen Sie Ihre frischen Br\u00f6tchen bis zum Vorabend, wir h\u00e4ngen Ihnen die Br\u00f6tchentasche am Morgen an Ihre Wohnungst\u00fcr.<\/p>\n<p>&nbsp;<\/p>\n<p>Einfach &#8211; herrlich &#8211; bequem!<\/p>\n<p>&nbsp;<\/p>\n<p>[\/et_pb_text][\/et_pb_column][\/et_pb_row][\/et_pb_section][et_pb_section fb_built=&#8220;1&#8243; _builder_version=&#8220;4.16&#8243; _module_preset=&#8220;default&#8220; custom_padding=&#8220;80px||80px||true|false&#8220; collapsed=&#8220;off&#8220; global_colors_info=&#8220;{}&#8220;][et_pb_row column_structure=&#8220;1_2,1_2&#8243; use_custom_gutter=&#8220;on&#8220; make_equal=&#8220;on&#8220; custom_padding_last_edited=&#8220;off|desktop&#8220; padding_top_bottom_link_1=&#8220;true&#8220; _builder_version=&#8220;4.19.4&#8243; _module_preset=&#8220;default&#8220; width_tablet=&#8220;94%&#8220; width_phone=&#8220;94%&#8220; width_last_edited=&#8220;off|phone&#8220; max_width_tablet=&#8220;94%&#8220; max_width_phone=&#8220;94%&#8220; max_width_last_edited=&#8220;off|tablet&#8220; custom_padding_tablet=&#8220;22px||&#8220; global_colors_info=&#8220;{}&#8220;][et_pb_column type=&#8220;1_2&#8243; _builder_version=&#8220;4.16&#8243; _module_preset=&#8220;default&#8220; custom_padding=&#8220;|44px|||false|false&#8220; custom_padding_tablet=&#8220;|0px|||false|false&#8220; custom_padding_phone=&#8220;|0px|||false|false&#8220; custom_padding_last_edited=&#8220;on|tablet&#8220; global_colors_info=&#8220;{}&#8220; custom_padding__hover=&#8220;|||&#8220;][et_pb_text admin_label=&#8220;Preis&#8220; _builder_version=&#8220;4.16&#8243; _module_preset=&#8220;default&#8220; text_font=&#8220;Poppins|600||on|||||&#8220; text_text_color=&#8220;#000000&#8243; text_letter_spacing=&#8220;2px&#8220; text_line_height=&#8220;1.3em&#8220; global_colors_info=&#8220;{}&#8220;]<\/p>\n<p>JEDERZEIT und kostenlos<\/p>\n<p>[\/et_pb_text][et_pb_text admin_label=&#8220;Name Apartment&#8220; _builder_version=&#8220;4.16&#8243; _module_preset=&#8220;default&#8220; header_font=&#8220;Poppins||||||||&#8220; header_2_font=&#8220;Poppins|300|||||||&#8220; header_2_text_color=&#8220;#000000&#8243; header_2_font_size=&#8220;40px&#8220; header_2_line_height=&#8220;1.4em&#8220; custom_margin_tablet=&#8220;-16px||7px&#8220; custom_margin_phone=&#8220;-13px||6px&#8220; custom_margin_last_edited=&#8220;on|desktop&#8220; header_2_font_size_tablet=&#8220;&#8220; header_2_font_size_phone=&#8220;25px&#8220; header_2_font_size_last_edited=&#8220;on|desktop&#8220; global_colors_info=&#8220;{}&#8220;]<\/p>\n<h2>JURA<br \/><strong>Kaffeevollautomat<br \/><\/strong><\/h2>\n<p>[\/et_pb_text][et_pb_text admin_label=&#8220;Beschreibung&#8220; _builder_version=&#8220;4.16&#8243; _module_preset=&#8220;default&#8220; text_font=&#8220;Poppins||||||||&#8220; text_text_color=&#8220;#000000&#8243; text_font_size=&#8220;18px&#8220; text_line_height=&#8220;1.8em&#8220; max_width=&#8220;477px&#8220; max_width_tablet=&#8220;100%&#8220; max_width_phone=&#8220;&#8220; max_width_last_edited=&#8220;on|desktop&#8220; custom_padding=&#8220;||0px|||&#8220; global_colors_info=&#8220;{}&#8220;]<\/p>\n<p>Cappuccino, Latte Macchiato, Espresso, Kr\u00e4utertees&#8230;<\/p>\n<p>Genie\u00dfen Sie die Leckereien aus\u00a0 unserem nagelneuen Jura Kaffeevollautomaten im Eingangsbereich.<\/p>\n<p>G\u00f6nnen Sie sich eine der sechs direkt w\u00e4hlbare Kaffeespezialit\u00e4ten und die kleine Auswahl an Kr\u00e4utertees wann immer Sie Lust darauf haben.<\/p>\n<p>Und das Beste daran? Die frische S\u00fcdtiroler Heumilch, die Ihren Kaffee besonders samtig lecker und cremig macht.<\/p>\n<p>&nbsp;<\/p>\n<p>[\/et_pb_text][\/et_pb_column][et_pb_column type=&#8220;1_2&#8243; _builder_version=&#8220;4.19.4&#8243; _module_preset=&#8220;default&#8220; background_image=&#8220;https:\/\/kronenwirt.com\/wp-content\/uploads\/Fruehstueck-Ferienwohnung-Meran.jpg&#8220; custom_padding=&#8220;|||&#8220; global_colors_info=&#8220;{}&#8220; custom_padding__hover=&#8220;|||&#8220;][et_pb_text _builder_version=&#8220;4.16&#8243; _module_preset=&#8220;default&#8220; text_font=&#8220;Poppins|500|||||||&#8220; text_text_color=&#8220;#ffffff&#8220; text_font_size=&#8220;22px&#8220; text_letter_spacing=&#8220;1px&#8220; text_line_height=&#8220;1em&#8220; background_color=&#8220;#3C3634&#8243; transform_scale_tablet=&#8220;&#8220; transform_scale_phone=&#8220;&#8220; transform_scale_last_edited=&#8220;on|desktop&#8220; transform_translate_tablet=&#8220;&#8220; transform_translate_phone=&#8220;&#8220; transform_translate_last_edited=&#8220;on|desktop&#8220; transform_translate_linked__hover=&#8220;off&#8220; transform_rotate=&#8220;0deg|0deg|90deg&#8220; transform_rotate_tablet=&#8220;0deg|0deg|0deg&#8220; transform_rotate_phone=&#8220;0deg|0deg|0deg&#8220; transform_rotate_last_edited=&#8220;on|desktop&#8220; transform_skew_tablet=&#8220;&#8220; transform_skew_phone=&#8220;&#8220; transform_skew_last_edited=&#8220;on|desktop&#8220; transform_origin_tablet=&#8220;&#8220; transform_origin_phone=&#8220;&#8220; transform_origin_last_edited=&#8220;on|desktop&#8220; transform_styles_last_edited=&#8220;on|desktop&#8220; z_index=&#8220;9999999999&#8243; max_width=&#8220;420px&#8220; max_width_tablet=&#8220;&#8220; max_width_phone=&#8220;260px&#8220; max_width_last_edited=&#8220;on|desktop&#8220; custom_margin=&#8220;82px|||-109px|false|false&#8220; custom_margin_tablet=&#8220;123px||68px|0px&#8220; custom_margin_phone=&#8220;115px||31px|0px&#8220; custom_margin_last_edited=&#8220;on|desktop&#8220; custom_padding=&#8220;44px||40px|60px|false|false&#8220; custom_padding_tablet=&#8220;&#8220; custom_padding_phone=&#8220;26px||23px|33px&#8220; custom_padding_last_edited=&#8220;on|desktop&#8220; text_font_size_tablet=&#8220;&#8220; text_font_size_phone=&#8220;30px&#8220; text_font_size_last_edited=&#8220;on|desktop&#8220; transform_styles_tablet=&#8220;&#8220; transform_styles_phone=&#8220;&#8220; text_text_align=&#8220;left&#8220; global_colors_info=&#8220;{}&#8220; background__hover_enabled=&#8220;off&#8220; background_color__hover=&#8220;#70D4A4&#8243; text_text_color__hover_enabled=&#8220;off&#8220; text_text_color__hover=&#8220;#ffffff&#8220; transform_styles__hover_enabled=&#8220;off&#8220; transform_scale__hover_enabled=&#8220;off&#8220; transform_translate__hover_enabled=&#8220;off&#8220; transform_rotate__hover_enabled=&#8220;off&#8220; transform_skew__hover_enabled=&#8220;off&#8220; transform_origin__hover_enabled=&#8220;off&#8220; transform_translate__hover=&#8220;0px|-17px&#8220;]<\/p>\n<p>All-you-can-drink<\/p>\n<p>[\/et_pb_text][\/et_pb_column][\/et_pb_row][\/et_pb_section]<\/p>\n","protected":false},"excerpt":{"rendered":"<p>Bis vor die Wohnungst\u00fcrFR\u00dcHST\u00dcCK-SERVICEUnd der Tag kann kommenGENUSS AM MORGENso bequem istFr\u00fchst\u00fcckserviceEin wundervoller Start in den neuen Tag. Wir bringen Ihnen das liebevoll zusammengestellte Fr\u00fchst\u00fcck, regional frisch und abwechslungsreich, ganz privat in Ihre Wohnung. Warme Getr\u00e4nke, S\u00fcdtiroler Butter, hausgemachte Marmelade, M\u00fcsli und Joghurt, frisches Obst nach Jahreszeit, Fruchtsaft, eine Auswahl an Wurst und K\u00e4se, Speck [&hellip;]<\/p>\n","protected":false},"author":2,"featured_media":665,"parent":53,"menu_order":36,"comment_status":"closed","ping_status":"closed","template":"","meta":{"_et_pb_use_builder":"on","_et_pb_old_content":"","_et_gb_content_width":"","iawp_total_views":1206,"footnotes":""},"difl_page_category":[],"class_list":["post-61","page","type-page","status-publish","has-post-thumbnail","hentry"],"_links":{"self":[{"href":"https:\/\/kronenwirt.com\/it\/wp-json\/wp\/v2\/pages\/61","targetHints":{"allow":["GET"]}}],"collection":[{"href":"https:\/\/kronenwirt.com\/it\/wp-json\/wp\/v2\/pages"}],"about":[{"href":"https:\/\/kronenwirt.com\/it\/wp-json\/wp\/v2\/types\/page"}],"author":[{"embeddable":true,"href":"https:\/\/kronenwirt.com\/it\/wp-json\/wp\/v2\/users\/2"}],"replies":[{"embeddable":true,"href":"https:\/\/kronenwirt.com\/it\/wp-json\/wp\/v2\/comments?post=61"}],"version-history":[{"count":1,"href":"https:\/\/kronenwirt.com\/it\/wp-json\/wp\/v2\/pages\/61\/revisions"}],"predecessor-version":[{"id":27095,"href":"https:\/\/kronenwirt.com\/it\/wp-json\/wp\/v2\/pages\/61\/revisions\/27095"}],"up":[{"embeddable":true,"href":"https:\/\/kronenwirt.com\/it\/wp-json\/wp\/v2\/pages\/53"}],"wp:featuredmedia":[{"embeddable":true,"href":"https:\/\/kronenwirt.com\/it\/wp-json\/wp\/v2\/media\/665"}],"wp:attachment":[{"href":"https:\/\/kronenwirt.com\/it\/wp-json\/wp\/v2\/media?parent=61"}],"wp:term":[{"taxonomy":"difl_page_category","embeddable":true,"href":"https:\/\/kronenwirt.com\/it\/wp-json\/wp\/v2\/difl_page_category?post=61"}],"curies":[{"name":"wp","href":"https:\/\/api.w.org\/{rel}","templated":true}]}}