{"id":83,"date":"2023-01-04T09:18:33","date_gmt":"2023-01-04T08:18:33","guid":{"rendered":"https:\/\/magical-banzai.89-22-100-11.plesk.page\/?page_id=83"},"modified":"2024-06-25T16:42:10","modified_gmt":"2024-06-25T14:42:10","slug":"agb","status":"publish","type":"page","link":"https:\/\/kronenwirt.com\/it\/info\/agb\/","title":{"rendered":"Condizioni"},"content":{"rendered":"<p>[et_pb_section fb_built=&#8220;1&#8243; admin_label=&#8220;Header&#8220; _builder_version=&#8220;4.16&#8243; _module_preset=&#8220;default&#8220; background_color=&#8220;#3C3634&#8243; background_color_gradient_start=&#8220;#3c3634&#8243; background_color_gradient_end=&#8220;#c1a366&#8243; background_image=&#8220;https:\/\/kronenwirt.com\/wp-content\/uploads\/Logo-Kronenwirt-ohne-Zusaetze_2021.png&#8220; background_size=&#8220;initial&#8220; background_position=&#8220;top_right&#8220; min_height=&#8220;350px&#8220; min_height_tablet=&#8220;200px&#8220; min_height_phone=&#8220;200px&#8220; min_height_last_edited=&#8220;on|phone&#8220; custom_padding=&#8220;50px|0px|0px|0px|false|false&#8220; background_last_edited=&#8220;on|phone&#8220; parallax_tablet=&#8220;off&#8220; parallax_phone=&#8220;off&#8220; locked=&#8220;off&#8220; global_colors_info=&#8220;{}&#8220;][et_pb_row custom_padding_last_edited=&#8220;on|phone&#8220; admin_label=&#8220;Header Text&#8220; _builder_version=&#8220;4.16&#8243; _module_preset=&#8220;default&#8220; custom_padding=&#8220;27px|0px|8px|0px|false|false&#8220; custom_padding_tablet=&#8220;&#8220; custom_padding_phone=&#8220;41px||&#8220; animation_style=&#8220;zoom&#8220; animation_duration=&#8220;1200ms&#8220; global_colors_info=&#8220;{}&#8220;][et_pb_column type=&#8220;4_4&#8243; _builder_version=&#8220;4.16&#8243; _module_preset=&#8220;default&#8220; custom_padding=&#8220;|||&#8220; global_colors_info=&#8220;{}&#8220; custom_padding__hover=&#8220;|||&#8220;][et_pb_text admin_label=&#8220;Header \u00dcberschrift&#8220; _builder_version=&#8220;4.16&#8243; _module_preset=&#8220;default&#8220; text_font=&#8220;Poppins||||||||&#8220; text_text_color=&#8220;rgba(255,255,255,0.91)&#8220; text_font_size=&#8220;16px&#8220; text_line_height=&#8220;1.8em&#8220; header_font=&#8220;Belleza|600|||||||&#8220; header_text_align=&#8220;center&#8220; header_text_color=&#8220;#ffffff&#8220; header_font_size=&#8220;120px&#8220; header_line_height=&#8220;1.8em&#8220; text_orientation=&#8220;center&#8220; max_width=&#8220;98%&#8220; module_alignment=&#8220;center&#8220; custom_margin=&#8220;-15px|||&#8220; header_font_size_tablet=&#8220;80px&#8220; header_font_size_phone=&#8220;40px&#8220; header_font_size_last_edited=&#8220;on|tablet&#8220; header_line_height_tablet=&#8220;0.9em&#8220; header_line_height_phone=&#8220;&#8220; header_line_height_last_edited=&#8220;on|desktop&#8220; global_colors_info=&#8220;{}&#8220;]<\/p>\n<h1>AGB<\/h1>\n<p>[\/et_pb_text][\/et_pb_column][\/et_pb_row][\/et_pb_section][et_pb_section fb_built=&#8220;1&#8243; admin_label=&#8220;section&#8220; _builder_version=&#8220;4.16&#8243; _module_preset=&#8220;default&#8220; custom_padding=&#8220;||50px|||&#8220; global_colors_info=&#8220;{}&#8220;][et_pb_row admin_label=&#8220;row&#8220; _builder_version=&#8220;4.16&#8243; _module_preset=&#8220;default&#8220; width=&#8220;70%&#8220; width_tablet=&#8220;90%&#8220; width_phone=&#8220;90%&#8220; width_last_edited=&#8220;on|tablet&#8220; max_width_tablet=&#8220;&#8220; max_width_phone=&#8220;&#8220; max_width_last_edited=&#8220;on|phone&#8220; module_alignment=&#8220;center&#8220; custom_margin=&#8220;-50px|auto||auto||&#8220; global_colors_info=&#8220;{}&#8220;][et_pb_column type=&#8220;4_4&#8243; _builder_version=&#8220;4.16&#8243; _module_preset=&#8220;default&#8220; custom_padding=&#8220;|||&#8220; global_colors_info=&#8220;{}&#8220; custom_padding__hover=&#8220;|||&#8220;][et_pb_text admin_label=&#8220;Text&#8220; _builder_version=&#8220;4.19.4&#8243; _module_preset=&#8220;default&#8220; background_size=&#8220;initial&#8220; background_position=&#8220;top_left&#8220; background_repeat=&#8220;repeat&#8220; global_colors_info=&#8220;{}&#8220;]<\/p>\n<h1>Allgemeine Gesch\u00e4ftbedingungen<\/h1>\n<h2>Informationen zur Buchung \u2013 Buchungsbedingungen<\/h2>\n<p><strong>An &#8211; und Abreise:<\/strong><br \/>Am Ankunftstag sind die Wohnungen ab sp\u00e4testens 14 Uhr bezugsfertig, am Abreisetag bitten wir Sie h\u00f6flichst die Wohnungen bis 10 Uhr freizugeben.<\/p>\n<p><a href=\"\/hausordnung-fuer-gaeste-mit-hund\/\">&gt; F\u00fcr weitere Informationen zur Hausordnung f\u00fcr G\u00e4ste mit Hund<\/a><\/p>\n<p><strong>Ankunftstag Dienstag:<\/strong><br \/>F\u00fcr den Fall, dass Ihre Anreise an einem Dienstag erfolgt, m\u00f6chten wir Sie h\u00f6flichst darum bitten eine ungef\u00e4hre Ankunftszeit anzugeben, da wir am Dienstag Ruhetag haben. Sollten Sie mehr als 1 Stunde vor oder 2 Stunden nach der von Ihnen definierten Ankunftszeit eintreffen, bitten wir Sie uns dar\u00fcber telefonisch zu unterrichten.<br \/>(Durch Rufweiterleitung erreichbar unter +39 0473 967112)<\/p>\n<p><strong>Ihre Reservierung gilt f\u00fcr uns als verbindlich&#8230;<\/strong><br \/>&#8230; sobald die von uns zugeschickte Reservierungsbest\u00e4tigung per E-Mail, Fax oder Post an uns zur\u00fcckgesendet wurde. Erst dann gilt auch unsere Best\u00e4tigung als verbindlich. Sollten wir innerhalb von 14 Tagen noch keine Antwort Ihrerseits erhalten haben verf\u00e4llt die Reservierung.<br \/>Sollte das Appartement von uns im Angebot nicht namentlich benannt worden sein (z.B. \u201eK\u00f6nigsspitze), ist es uns durch unsere geringe Kapazit\u00e4t leider nicht m\u00f6glich, bestimmte Wohnungen oder Etagen zu best\u00e4tigen.<br \/>Hinweis:<br \/>W\u00fcnsche zu Etage oder bestimmten Wohnungen werden nach M\u00f6glichkeit gern ber\u00fccksichtigt, sind aber nicht Bestand der Reservierung.<\/p>\n<p><strong>Zahlungsmodalit\u00e4ten:<\/strong><br \/>Wir bitten bei der Reservierung um eine Anzahlung von 30%.<br \/>&#8211; Barzahlung: bitte beachten Sie, dass in Italien nur Barzahlungen bis 1999,99 \u20ac angenommen werden d\u00fcrfen.<br \/>&#8211; Kartenzahlung: akzeptiert werden alle g\u00e4ngigen Kredit- oder EC-Karten, bitte das Limit beachten.<br \/>&#8211; \u00dcberweisung im Voraus: Fragen Sie nach unseren Bankdaten, die Geb\u00fchren sind seit 1. Juli 2003 auch nach Italien nur so hoch wie bei \u00dcberweisungen innerhalb Ihres EU-Landes. Nur bei der Abreise eingetroffene Betr\u00e4ge k\u00f6nnen gutgeschrieben werden.<\/p>\n<p><strong>Stornogeb\u00fchren:<\/strong><br \/>Aufgrund schlechter Erfahrungen der letzten Jahre sehen wir uns leider gezwungen Geb\u00fchren f\u00fcr Stornierungen zu verlangen. Wie empfehlen Ihnen hierf\u00fcr unsere g\u00fcnstige Reiser\u00fccktrittsversicherung abzuschlie\u00dfen. Soweit von uns hier nicht anders definiert gilt das italienische G\u00e4steaufnahmevertragsrecht (siehe eigene Seite). Ist es uns m\u00f6glich, das Appartement anderweitig zu vergeben, so entf\u00e4llt die Zahlungsverpflichtung des Gastes in H\u00f6he der erzielten Einnahmen f\u00fcr diesen Zeitraum.<\/p>\n<h3>Buchungsbedingungen<\/h3>\n<p><strong>Stornos\u00e4tze des Reisepreises in Prozent \u2013 Endreinigung ausgeschlossen:<\/strong><br \/>Bis zum 45. Tag vor Reiseantritt 10% auf den Wohnungspreis<br \/>Bis zum 30. Tag vor Reiseantritt 40% auf den Wohnungspreis<br \/>Bis zum 22. Tag vor Reiseantritt 60% auf den Wohnungspreis<br \/>Danach 95% auf den Wohnungspreis<br \/>Bei Nichtankunft ohne Stornierung werden 100% des Wohnungspreises in Rechnung gestellt.<\/p>\n<p>Bei versp\u00e4teter Anreise bzw. vorzeitiger Abreise wird der volle Betrag in Rechnung gestellt.<br \/>Bei n\u00e4chster Buchung innerhalb eines Jahres werden 50% der Stornogeb\u00fchren gutgeschrieben.<br \/>Bei kurzfristiger telefonischer Reservierung ohne M\u00f6glichkeit einer schriftlichen Best\u00e4tigung gilt Folgendes:<br \/>Das Appartement wird am Anreisetag, bei Nichtankunft des Gastes bis 18.00 Uhr, freigegeben.<\/p>\n<h3>Auszug aus dem italienischen G\u00e4steaufnahmevertragsrecht:<\/h3>\n<p>Die gesetzlichen Bestimmungen bei einem Reiser\u00fccktritt, versp\u00e4teter Anreise oder vorzeitiger Abreise sind in den unten stehenden Ausf\u00fchrungen erl\u00e4utert.<\/p>\n<h4>1. Vertragsabschlu\u00df:<\/h4>\n<p>Mit der Bestellung, Buchung, Zusage oder kurzfristiger Bereitstellung der Unterkunft und darauffolgenden Reservierungsbest\u00e4tigung kommt ein Gastaufnahmevertrag zustande, der beide Vertragspartner verpflichtet, den Vertrag zu erf\u00fcllen, mit all seinen Rechten und Pflichten, gleichg\u00fcltig auf welche Dauer der Vertrag abgeschlossen wurde.<\/p>\n<h4>2. Leistungen:<\/h4>\n<p>Der Gastaufnahmevertrag ist abgeschlossen, sobald das Zimmer bestellt und von beiden Vertragsparteien m\u00fcndlich oder schriftlich zugesagt wurde. Mit Abschlu\u00df des Gastaufnahmevertrages verpflichten sich die Parteien f\u00fcr die gesamte Dauer des Vertrages zur Erf\u00fcllung der folgenden gegenseitigen Verpflichtungen aus dem Vertrag: a) Der Gastwirt ist verpflichtet , die jeweilige Unterkunft im nutzungsgerechten Zustand und entsprechend der Bestellung bereitzustellen. b) Der Gast ist verpflichtet, das vertraglich geschuldete Entgelt f\u00fcr die Zeit (Dauer) der Bestellung der Unterkunft zu entrichten. c) Der Gast wird von der Entrichtung des vertraglich geschuldeten Entgelts nicht dadurch befreit, da\u00df er, unabh\u00e4ngig vom Grund der Verhinderung, an der Aus\u00fcbung des ihm zustehenden Gebrauchsrechtes verhindert wird. d) Beruht die Verhinderung jedoch auf einem Grund, den der Gastwirt zu vertreten hat, wird der Gast von der Entrichtung des vertraglich geschuldeten Entgelts frei.<\/p>\n<h4>3. Versp\u00e4tete Anreise\/Vorzeitige Abreise:<\/h4>\n<p>Bei versp\u00e4teter Anreise oder vorzeitiger Abreise (unabh\u00e4ngig davon, ob die Aufenthaltsdauer m\u00fcndlich oder schriftlich vereinbart wurde) werden die Aufenthaltskosten (Zimmerpreis ohne Verpflegungs-Leistungen) auch f\u00fcr den gesamten Buchungszeitraum zur G\u00e4nze in Rechnung gestellt.<\/p>\n<h4>4. R\u00fccktritt:<\/h4>\n<p>Bei nicht erfolgter Inanspruchnahme der Zimmerreservierung ist der Gast verpflichtet, die \u00dcbernachtungskosten f\u00fcr die gesamte Aufenthaltsdauer voll zu bezahlen. Ausschlie\u00dflicher Gerichtsstand ist der Betriebsort.<\/p>\n<p><strong>Pflichtinformation nach EU-Verordnung Nr. 524\/2013 des Europ\u00e4ischen Parlaments und Rats<\/strong><br \/>Plattform zur Online-Beilegung verbraucherrechtlicher Streitigkeiten (ODR) der Europ\u00e4ischen Kommission:\u00a0http:\/\/ec.europa.eu\/consumers\/odr\/<\/p>\n<p>&nbsp;<\/p>\n<h3>S\u00fcdtirol Guest Pass\u00a0<\/h3>\n<p>\u2022 Bei Vervollst\u00e4ndigung des Aufenthaltsvertrags wird dem Gast der S\u00fcdtirol Alto Adige Guest Pass (in Folge Guest Pass) ausgestellt, der laut Beschluss der S\u00fcdtiroler Landesregierung Nr. 732\/2022 f\u00fcr die gesamte Dauer seines Aufenthalts sowie ab 0:00 Uhr des Tages der Anreise bis 24:00 Uhr am Tag der Abreise g\u00fcltig ist.<\/p>\n<p>\u2022 Der Guest Pass umfasst die Nutzung aller \u00f6ffentlichen Verkehrsmittel innerhalb des S\u00fcdtirolmobil-Verbundgebiets sowie zus\u00e4tzliche Leistungen, welche pro Tourismusorganisation unterschiedlich ausfallen. Detaillierte Informationen finden Sie unter: <a rel=\"noreferrer noopener\" target=\"_new\" href=\"https:\/\/suedtirol-guestpass.info\">suedtirol-guestpass.info<\/a><\/p>\n<p>\u2022 Einziger S\u00fcdtirol weiter Tr\u00e4ger des Guest Pass ist das Mobilit\u00e4tskonsortium, welches als einheitliche Koordinierungsstelle gem\u00e4\u00df obigen LR-Beschluss vom Landesverband der Tourismusorganisationen S\u00fcdtirols (LTS) am 16.11.2022 ernannt wurde. Die Einzelheiten der mit dem Guest Pass verbundenen Zusatzleistungen sowie die Nutzungsbedingungen des Guest Pass werden von dem mit der Ausstellung und Verwaltung des Guest Pass beauftragten Dritten mitgeteilt. Detaillierte Informationen finden Sie unter: <a rel=\"noreferrer noopener\" target=\"_new\" href=\"https:\/\/suedtirol-guestpass.info\">suedtirol-guestpass.info<\/a><\/p>\n<p>[\/et_pb_text][\/et_pb_column][\/et_pb_row][\/et_pb_section]<\/p>\n","protected":false},"excerpt":{"rendered":"<p>AGBAllgemeine Gesch\u00e4ftbedingungen Informationen zur Buchung \u2013 Buchungsbedingungen An &#8211; und Abreise:Am Ankunftstag sind die Wohnungen ab sp\u00e4testens 14 Uhr bezugsfertig, am Abreisetag bitten wir Sie h\u00f6flichst die Wohnungen bis 10 Uhr freizugeben. &gt; F\u00fcr weitere Informationen zur Hausordnung f\u00fcr G\u00e4ste mit Hund Ankunftstag Dienstag:F\u00fcr den Fall, dass Ihre Anreise an einem Dienstag erfolgt, m\u00f6chten wir [&hellip;]<\/p>\n","protected":false},"author":2,"featured_media":0,"parent":81,"menu_order":62,"comment_status":"closed","ping_status":"closed","template":"","meta":{"_et_pb_use_builder":"on","_et_pb_old_content":"","_et_gb_content_width":"","iawp_total_views":2095,"footnotes":""},"difl_page_category":[],"class_list":["post-83","page","type-page","status-publish","hentry"],"_links":{"self":[{"href":"https:\/\/kronenwirt.com\/it\/wp-json\/wp\/v2\/pages\/83","targetHints":{"allow":["GET"]}}],"collection":[{"href":"https:\/\/kronenwirt.com\/it\/wp-json\/wp\/v2\/pages"}],"about":[{"href":"https:\/\/kronenwirt.com\/it\/wp-json\/wp\/v2\/types\/page"}],"author":[{"embeddable":true,"href":"https:\/\/kronenwirt.com\/it\/wp-json\/wp\/v2\/users\/2"}],"replies":[{"embeddable":true,"href":"https:\/\/kronenwirt.com\/it\/wp-json\/wp\/v2\/comments?post=83"}],"version-history":[{"count":2,"href":"https:\/\/kronenwirt.com\/it\/wp-json\/wp\/v2\/pages\/83\/revisions"}],"predecessor-version":[{"id":26630,"href":"https:\/\/kronenwirt.com\/it\/wp-json\/wp\/v2\/pages\/83\/revisions\/26630"}],"up":[{"embeddable":true,"href":"https:\/\/kronenwirt.com\/it\/wp-json\/wp\/v2\/pages\/81"}],"wp:attachment":[{"href":"https:\/\/kronenwirt.com\/it\/wp-json\/wp\/v2\/media?parent=83"}],"wp:term":[{"taxonomy":"difl_page_category","embeddable":true,"href":"https:\/\/kronenwirt.com\/it\/wp-json\/wp\/v2\/difl_page_category?post=83"}],"curies":[{"name":"wp","href":"https:\/\/api.w.org\/{rel}","templated":true}]}}