{"id":87,"date":"2023-01-04T09:19:50","date_gmt":"2023-01-04T08:19:50","guid":{"rendered":"https:\/\/magical-banzai.89-22-100-11.plesk.page\/?page_id=87"},"modified":"2024-07-12T15:56:31","modified_gmt":"2024-07-12T13:56:31","slug":"assicurazione-contro-lannullamento-del-viaggio","status":"publish","type":"page","link":"https:\/\/kronenwirt.com\/it\/info\/reiseruecktrittsversicherung\/","title":{"rendered":"Assicurazione annullamento viaggi"},"content":{"rendered":"<p>[et_pb_section fb_built=&#8220;1&#8243; admin_label=&#8220;Header&#8220; _builder_version=&#8220;4.16&#8243; _module_preset=&#8220;default&#8220; background_color=&#8220;#3C3634&#8243; background_color_gradient_start=&#8220;#3c3634&#8243; background_color_gradient_end=&#8220;#c1a366&#8243; background_image=&#8220;https:\/\/kronenwirt.com\/wp-content\/uploads\/Logo-Kronenwirt-ohne-Zusaetze_2021.png&#8220; background_size=&#8220;initial&#8220; background_position=&#8220;top_right&#8220; min_height=&#8220;350px&#8220; min_height_tablet=&#8220;200px&#8220; min_height_phone=&#8220;200px&#8220; min_height_last_edited=&#8220;on|phone&#8220; custom_padding=&#8220;50px|0px|0px|0px|false|false&#8220; background_last_edited=&#8220;on|phone&#8220; parallax_tablet=&#8220;off&#8220; parallax_phone=&#8220;off&#8220; global_colors_info=&#8220;{}&#8220;][et_pb_row custom_padding_last_edited=&#8220;on|phone&#8220; admin_label=&#8220;Header Text&#8220; _builder_version=&#8220;4.16&#8243; _module_preset=&#8220;default&#8220; custom_padding=&#8220;27px|0px|8px|0px|false|false&#8220; custom_padding_tablet=&#8220;&#8220; custom_padding_phone=&#8220;41px||&#8220; animation_style=&#8220;zoom&#8220; animation_duration=&#8220;1200ms&#8220; global_colors_info=&#8220;{}&#8220;][et_pb_column type=&#8220;4_4&#8243; _builder_version=&#8220;4.16&#8243; _module_preset=&#8220;default&#8220; custom_padding=&#8220;|||&#8220; global_colors_info=&#8220;{}&#8220; custom_padding__hover=&#8220;|||&#8220;][et_pb_text admin_label=&#8220;Header \u00dcberschrift&#8220; _builder_version=&#8220;4.16&#8243; _module_preset=&#8220;default&#8220; text_font=&#8220;Poppins||||||||&#8220; text_text_color=&#8220;rgba(255,255,255,0.91)&#8220; text_font_size=&#8220;16px&#8220; text_line_height=&#8220;1.8em&#8220; header_font=&#8220;Belleza|600|||||||&#8220; header_text_align=&#8220;center&#8220; header_text_color=&#8220;#ffffff&#8220; header_font_size=&#8220;120px&#8220; header_line_height=&#8220;1.8em&#8220; text_orientation=&#8220;center&#8220; max_width=&#8220;98%&#8220; module_alignment=&#8220;center&#8220; custom_margin=&#8220;-15px|||&#8220; header_font_size_tablet=&#8220;80px&#8220; header_font_size_phone=&#8220;40px&#8220; header_font_size_last_edited=&#8220;on|tablet&#8220; header_line_height_tablet=&#8220;0.9em&#8220; header_line_height_phone=&#8220;&#8220; header_line_height_last_edited=&#8220;on|desktop&#8220; global_colors_info=&#8220;{}&#8220;]<\/p>\n<h1>REISER\u00dcCKTRITT<\/h1>\n<p>[\/et_pb_text][\/et_pb_column][\/et_pb_row][\/et_pb_section][et_pb_section fb_built=&#8220;1&#8243; _builder_version=&#8220;4.16&#8243; _module_preset=&#8220;default&#8220; custom_padding=&#8220;||50px|||&#8220; global_colors_info=&#8220;{}&#8220;][et_pb_row _builder_version=&#8220;4.16&#8243; _module_preset=&#8220;default&#8220; width=&#8220;70%&#8220; width_tablet=&#8220;90%&#8220; width_phone=&#8220;90%&#8220; width_last_edited=&#8220;on|tablet&#8220; max_width_tablet=&#8220;&#8220; max_width_phone=&#8220;&#8220; max_width_last_edited=&#8220;on|phone&#8220; module_alignment=&#8220;center&#8220; custom_margin=&#8220;-50px|auto||auto||&#8220; global_colors_info=&#8220;{}&#8220;][et_pb_column type=&#8220;4_4&#8243; _builder_version=&#8220;4.16&#8243; _module_preset=&#8220;default&#8220; global_colors_info=&#8220;{}&#8220;][et_pb_text _builder_version=&#8220;4.26.0&#8243; _module_preset=&#8220;default&#8220; custom_padding=&#8220;50px||50px|||&#8220; hover_enabled=&#8220;0&#8243; global_colors_info=&#8220;{}&#8220; sticky_enabled=&#8220;0&#8243;]<\/p>\n<h1><strong>Reiser\u00fccktrittsversicherung<\/strong><\/h1>\n<p>Bitte vergessen Sie nicht, auch an den Abschluss einer Reise-Storno-Schutz Versicherung zu denken. N\u00e4here Infos\u00a0<a href=\"https:\/\/secure.gastropool.it\/rxwidgets\/payment\/it?94DB943DAE583D3489072D8261125561B811A0A75C4E45823C4B5638409E05C3\" target=\"_blank\" rel=\"noopener\">qui<\/a>.<\/p>\n<p>Vor Reiseantritt kann schon einmal etwas passieren, mit unserem Reise-Storno-Schutz sind Sie finanziell abgesichert. Sollten Sie einen gebuchten Hotelaufenthalt versp\u00e4tet bzw. gar nicht antreten oder fr\u00fchzeitig abbrechen, k\u00f6nnen Stornogeb\u00fchren weiterverrechnet werden. Um Sie in solchen F\u00e4llen von jeglichen Spesen freizuhalten, empfehlen wir Ihnen diese Reise-Storno-Schutz Versicherung abzuschlie\u00dfen, damit diese f\u00fcr Sie von der Europ\u00e4ische Reiseversicherung \u00fcbernommen werden.<\/p>\n<h2>Versicherte Gr\u00fcnde f\u00fcr Reisestorno\/Reiseabbruch<\/h2>\n<p>\u2013 unerwartete schwere Erkrankung (vom Arzt best\u00e4tigte Reiseunf\u00e4higkeit), schwere unfallbedingte K\u00f6rperverletzung, Impfunvertr\u00e4glichkeit oder Tod;<br \/>\u2013 Lockerung von implantierten Gelenken;<br \/>\u2013 unerwartete schwere Erkrankung, schwere unfallbedingte K\u00f6rperverletzung oder Tod (auch Selbstmord) eines Familienangeh\u00f6rigen, wenn dadurch die Anwesenheit des Gastes dringend erforderlich ist;<br \/>\u2013 Schwangerschaft, wenn diese nach Reisebuchung festgestellt wurde, oder schwere Schwangerschaftskomplikationen bis einschlie\u00dflich der 35. Schwangerschaftswoche;<br \/>\u2013 bedeutender Sachschaden am Eigentum des Gastes am Wohnort infolge eines Elementarereignisses (z.B. Feuer, Hochwasser, Sturm) oder Straftat eines Dritten, wenn dadurch seine Anwesenheit dringend erforderlich ist;<br \/>\u2013 unverschuldeter Verlust des Arbeitsplatzes wegen K\u00fcndigung durch den Arbeitgeber;<br \/>\u2013 Einberufung zum Milit\u00e4r- oder Zivildienst des Gastes, vorausgesetzt die zust\u00e4ndige Beh\u00f6rde akzeptiert die Reisebuchung nicht als Grund zur Verschiebung der Vorladung;<br \/>\u2013 Einreichung der Scheidungsklage vor einer gemeinsamen Reise der betroffenen Ehepartner;<br \/>\u2013 Aufl\u00f6sung der Lebensgemeinschaft (mit gleicher Meldeadresse seit 6 Monaten) durch Aufgabe des gemeinsamen Wohnsitzes vor der gemeinsamen Reise der Lebensgef\u00e4hrten;<br \/>\u2013 Nichtbestehen der Reifepr\u00fcfung oder einer gleichartigen Abschlusspr\u00fcfung einer mindestens 3-j\u00e4hrigen Schulausbildung unmittelbar vor Reisetermin einer vor der Pr\u00fcfung gebuchten versicherten Reise;<br \/>\u2013 Eintreffen einer unerwarteten gerichtlichen Vorladung, vorausgesetzt das zust\u00e4ndige Gericht akzeptiert die Reisebuchung des Gastes nicht als Grund zur Verschiebung der Vorladung.<\/p>\n<h2>Stornodeckung auch bei COVID-19-Erkrankung trotz Pandemiestatus<\/h2>\n<p>COVID-19 wird nach wie vor als Epidemie oder Pandemie eingestuft (vgl. WHO, \u00d6sterreichische Gesundheitsbeh\u00f6rden).<\/p>\n<p>F\u00fcr alle gebuchten und bei uns versicherten Hotelaufenthalte bzw. alle aufrechten Versicherungsvertr\u00e4ge und\u00a0Neuabschl\u00fcsse, die bis auf weiteres bei uns vorgenommen werden, wenden wir den in unseren Bedingungen\u00a0enthaltenen Pandemie-Ausschluss f\u00fcr Storno- und Reiseabbruchf\u00e4lle nicht ein.<br \/><strong>Insoweit gew\u00e4hren wir Deckung f\u00fcr den Fall, dass Sie als versicherter Kunde die Reise nicht antreten k\u00f6nnen oder\u00a0abbrechen m\u00fcssen,<\/strong><br \/>\u2022 weil Sie an COVID-19 Symptomen erkranken,<br \/>\u2022 weil bei Ihnen erh\u00f6hte Temperatur gemessen wird, auch wenn ein sp\u00e4teres Testergebnis negativ ist,<br \/>\u2022 weil Sie auf COVID-19 positiv getestet wurden, ohne Symptome zu zeigen,<br \/>\u2022 weil ein naher Angeh\u00f6riger (*) oder eine im gemeinsamen Haushalt lebende Person an COVID-19\u00a0erkrankt und Ihre dringende Anwesenheit erforderlich ist,<br \/>\u2022 weil ein naher Angeh\u00f6riger (*) im gemeinsamen Haushalt an COVID-19 erkrankt und Sie sich deshalb in\u00a0Quarant\u00e4ne begeben m\u00fcssen, oder<br \/>\u2022 weil Sie infolge Ihrer Erkrankung w\u00e4hrend des Aufenthaltes reiseunf\u00e4hig sind und verl\u00e4ngern m\u00fcssen.<br \/>Hier besteht Deckung im Rahmen der unfreiwilligen Urlaubsverl\u00e4ngerung.<br \/>(*) Als Angeh\u00f6rige gelten Ehepartner (bzw. eingetragener Lebenspartner oder im gemeinsamen Haushalt lebender\u00a0Lebensgef\u00e4hrte), Kinder (Stief-,Schwieger-, Enkel-, Pflege-), Eltern (Stief-, Schwieger-, Gro\u00df-, Pflege-), Geschwister und\u00a0Schwager\/Schw\u00e4gerin der versicherten Person \u2013 bei eingetragenem Lebenspartner oder im gemeinsamen Haushalt\u00a0lebendem Lebensgef\u00e4hrten zus\u00e4tzlich dessen Kinder, Eltern und Geschwister.<br \/><strong>Kein Stornoschutz besteht hingegen,<\/strong><br \/>\u2022 wenn Sie den Aufenthalt nicht antreten k\u00f6nnen oder wollen, weil Sie sich aufgrund steigender Fallzahlen\u00a0am Urlaubsort Sorgen um eine Ansteckung machen,<br \/>\u2022 wenn Sie den Aufenthalt nicht antreten k\u00f6nnen oder wollen, weil Sie als Risikopatient eingestuft sind,<br \/>\u2022 wenn das Hotel seine Leistungen nicht (mehr) erbringen kann, weil der Betrieb beh\u00f6rdlich geschlossen\u00a0wurde oder sich das Hotel in einem Gebiet befindet, f\u00fcr das eine Reisewarnung ausgesprochen wurde,<br \/>\u2022 wenn Sie die Reise nicht antreten k\u00f6nnen, weil Sie aufgrund eines Verdachtsfalles (z.B. im Kindergarten\u00a0oder Kollegenkreis) vorsorglich in Quarant\u00e4ne m\u00fcssen, bzw.<br \/>\u2022 f\u00fcr Kosten der Quarant\u00e4ne des gesamten Hotels oder Quarant\u00e4nekosten in einem separaten Quartier.<br \/>Weiterhin unterscheiden wir bei den Pr\u00e4mien nicht zwischen Risikopatienten und Nicht-Risikopatienten und\u00a0weiterhin gibt es bei uns keine Altersgrenzen.<\/p>\n<h2><strong>F\u00fcr wen gilt der Versicherungsfall?<\/strong><\/h2>\n<p>Der Versicherungsfall gilt f\u00fcr die betroffene versicherte Person und zus\u00e4tzlich f\u00fcr folgende gleichwertig versicherte mitreisende Personen:<br \/>\u2013 Familienangeh\u00f6rige der betroffenen versicherten Person;<br \/>\u2013 pro versichertem Ereignis maximal drei weitere Personen.<br \/>Als Familienangeh\u00f6rige gelten: Ehepartner (bzw. eingetragener Lebenspartner oder im gemeinsamen Haushalt lebender Lebensgef\u00e4hrte), Kinder (Stief-, Schwieger-, Enkel- und Pflegekinder), Eltern (Stief-, Schwieger-, Gro\u00df- und Pflegeeltern), Geschwister und Schwager\/Schw\u00e4gerin der versicherten Person. Bei eingetragenem Lebenspartner oder im gemeinsamen Haushalt lebendem Lebensgef\u00e4hrten zus\u00e4tzlich dessen Kinder, Eltern und Geschwister.<\/p>\n<h2><strong>Wann muss die Versicherung abgeschlossen werden?<\/strong><\/h2>\n<p>Die Versicherung muss gleichzeitig mit der Reisebuchung abgeschlossen werden.<br \/>Erfolgt der Versicherungsabschluss aufgrund eines mit der Buchungsbest\u00e4tigung mit-geschickten Versicherungsangebotes, gilt der Abschluss sp\u00e4testens f\u00fcnf Werktage nach Reisebuchung als gleichzeitig.<br \/>Wird die Versicherung nicht gleichzeitig mit der Reisebuchung abgeschlossen, beginnt der Versicherungsschutz f\u00fcr Reisestornoleistungen erst am 10. Tag nach Versicherungsabschluss (ausgenommen Unfall, Todesfall oder Elementarereignis).<\/p>\n<p>[\/et_pb_text][et_pb_image src=&#8220;https:\/\/kronenwirt.com\/wp-content\/uploads\/europaeische.jpg&#8220; title_text=&#8220;europ\u00e4ische&#8220; url=&#8220;https:\/\/secure.gastropool.it\/rxwidgets\/payment\/de?94DB943DAE583D3489072D8261125561B811A0A75C4E45823C4B5638409E05C3&#8243; url_new_window=&#8220;on&#8220; align=&#8220;center&#8220; _builder_version=&#8220;4.26.0&#8243; _module_preset=&#8220;default&#8220; hover_enabled=&#8220;0&#8243; global_colors_info=&#8220;{}&#8220; sticky_enabled=&#8220;0&#8243;][\/et_pb_image][et_pb_text _builder_version=&#8220;4.26.0&#8243; _module_preset=&#8220;default&#8220; link_font=&#8220;||||on||||&#8220; max_width=&#8220;70%&#8220; module_alignment=&#8220;center&#8220; global_colors_info=&#8220;{}&#8220;]<\/p>\n<h4>\u00a0<\/h4>\n<h4>Der einfache und sichere Weg das Angeld und\/oder die Reiser\u00fccktrittsversicherung zu bezahlen: Besuchen Sie die Seite <a href=\"https:\/\/kronenwirt.com\/smart-pay\/\" target=\"_blank\" rel=\"noopener\">SMART PAY<\/a><\/h4>\n<p>[\/et_pb_text][dnxte_text_divider text_divider_color=&#8220;#3C3634&#8243; _builder_version=&#8220;4.16&#8243; _module_preset=&#8220;default&#8220; global_colors_info=&#8220;{}&#8220;][\/dnxte_text_divider][\/et_pb_column][\/et_pb_row][\/et_pb_section]<\/p>\n","protected":false},"excerpt":{"rendered":"<p>REISER\u00dcCKTRITTReiser\u00fccktrittsversicherung Bitte vergessen Sie nicht, auch an den Abschluss einer Reise-Storno-Schutz Versicherung zu denken. N\u00e4here Infos\u00a0qui. Vor Reiseantritt kann schon einmal etwas passieren, mit unserem Reise-Storno-Schutz sind Sie finanziell abgesichert. Sollten Sie einen gebuchten Hotelaufenthalt versp\u00e4tet bzw. gar nicht antreten oder fr\u00fchzeitig abbrechen, k\u00f6nnen Stornogeb\u00fchren weiterverrechnet werden. Um Sie in solchen F\u00e4llen von [&hellip;]<\/p>\n","protected":false},"author":2,"featured_media":0,"parent":81,"menu_order":66,"comment_status":"closed","ping_status":"closed","template":"","meta":{"_et_pb_use_builder":"on","_et_pb_old_content":"","_et_gb_content_width":"","iawp_total_views":57,"footnotes":""},"difl_page_category":[],"class_list":["post-87","page","type-page","status-publish","hentry"],"_links":{"self":[{"href":"https:\/\/kronenwirt.com\/it\/wp-json\/wp\/v2\/pages\/87","targetHints":{"allow":["GET"]}}],"collection":[{"href":"https:\/\/kronenwirt.com\/it\/wp-json\/wp\/v2\/pages"}],"about":[{"href":"https:\/\/kronenwirt.com\/it\/wp-json\/wp\/v2\/types\/page"}],"author":[{"embeddable":true,"href":"https:\/\/kronenwirt.com\/it\/wp-json\/wp\/v2\/users\/2"}],"replies":[{"embeddable":true,"href":"https:\/\/kronenwirt.com\/it\/wp-json\/wp\/v2\/comments?post=87"}],"version-history":[{"count":5,"href":"https:\/\/kronenwirt.com\/it\/wp-json\/wp\/v2\/pages\/87\/revisions"}],"predecessor-version":[{"id":26649,"href":"https:\/\/kronenwirt.com\/it\/wp-json\/wp\/v2\/pages\/87\/revisions\/26649"}],"up":[{"embeddable":true,"href":"https:\/\/kronenwirt.com\/it\/wp-json\/wp\/v2\/pages\/81"}],"wp:attachment":[{"href":"https:\/\/kronenwirt.com\/it\/wp-json\/wp\/v2\/media?parent=87"}],"wp:term":[{"taxonomy":"difl_page_category","embeddable":true,"href":"https:\/\/kronenwirt.com\/it\/wp-json\/wp\/v2\/difl_page_category?post=87"}],"curies":[{"name":"wp","href":"https:\/\/api.w.org\/{rel}","templated":true}]}}