{"id":89,"date":"2023-01-04T09:20:19","date_gmt":"2023-01-04T08:20:19","guid":{"rendered":"https:\/\/magical-banzai.89-22-100-11.plesk.page\/?page_id=89"},"modified":"2023-06-30T12:27:55","modified_gmt":"2023-06-30T10:27:55","slug":"annullamento","status":"publish","type":"page","link":"https:\/\/kronenwirt.com\/it\/info\/reiseruecktrittsversicherung\/stornierung\/","title":{"rendered":"Cancellazione"},"content":{"rendered":"<p>[et_pb_section fb_built=&#8220;1&#8243; admin_label=&#8220;Header&#8220; _builder_version=&#8220;4.16&#8243; _module_preset=&#8220;default&#8220; background_color=&#8220;#3C3634&#8243; background_color_gradient_start=&#8220;#3c3634&#8243; background_color_gradient_end=&#8220;#c1a366&#8243; background_image=&#8220;https:\/\/kronenwirt.com\/wp-content\/uploads\/Logo-Kronenwirt-ohne-Zusaetze_2021.png&#8220; background_size=&#8220;initial&#8220; background_position=&#8220;top_right&#8220; min_height=&#8220;350px&#8220; min_height_tablet=&#8220;200px&#8220; min_height_phone=&#8220;200px&#8220; min_height_last_edited=&#8220;on|phone&#8220; custom_padding=&#8220;50px|0px|0px|0px|false|false&#8220; background_last_edited=&#8220;on|phone&#8220; parallax_tablet=&#8220;off&#8220; parallax_phone=&#8220;off&#8220; locked=&#8220;off&#8220; global_colors_info=&#8220;{}&#8220;][et_pb_row custom_padding_last_edited=&#8220;on|phone&#8220; admin_label=&#8220;Header Text&#8220; _builder_version=&#8220;4.16&#8243; _module_preset=&#8220;default&#8220; custom_padding=&#8220;27px|0px|8px|0px|false|false&#8220; custom_padding_tablet=&#8220;&#8220; custom_padding_phone=&#8220;41px||&#8220; animation_style=&#8220;zoom&#8220; animation_duration=&#8220;1200ms&#8220; global_colors_info=&#8220;{}&#8220;][et_pb_column type=&#8220;4_4&#8243; _builder_version=&#8220;4.16&#8243; _module_preset=&#8220;default&#8220; custom_padding=&#8220;|||&#8220; global_colors_info=&#8220;{}&#8220; custom_padding__hover=&#8220;|||&#8220;][et_pb_text admin_label=&#8220;Header \u00dcberschrift&#8220; _builder_version=&#8220;4.19.4&#8243; _module_preset=&#8220;default&#8220; text_font=&#8220;Poppins||||||||&#8220; text_text_color=&#8220;rgba(255,255,255,0.91)&#8220; text_font_size=&#8220;16px&#8220; text_line_height=&#8220;1.8em&#8220; header_font=&#8220;Belleza|600|||||||&#8220; header_text_align=&#8220;center&#8220; header_text_color=&#8220;#ffffff&#8220; header_font_size=&#8220;120px&#8220; header_line_height=&#8220;1.8em&#8220; text_orientation=&#8220;center&#8220; max_width=&#8220;98%&#8220; module_alignment=&#8220;center&#8220; custom_margin=&#8220;-15px|||&#8220; header_font_size_tablet=&#8220;80px&#8220; header_font_size_phone=&#8220;40px&#8220; header_font_size_last_edited=&#8220;on|tablet&#8220; header_line_height_tablet=&#8220;0.9em&#8220; header_line_height_phone=&#8220;&#8220; header_line_height_last_edited=&#8220;on|desktop&#8220; global_colors_info=&#8220;{}&#8220;]<\/p>\n<h1>STORNO BEDINGUNGEN<\/h1>\n<p>[\/et_pb_text][\/et_pb_column][\/et_pb_row][\/et_pb_section][et_pb_section fb_built=&#8220;1&#8243; admin_label=&#8220;section&#8220; _builder_version=&#8220;4.16&#8243; _module_preset=&#8220;default&#8220; custom_padding=&#8220;||50px|||&#8220; global_colors_info=&#8220;{}&#8220;][et_pb_row admin_label=&#8220;row&#8220; _builder_version=&#8220;4.16&#8243; _module_preset=&#8220;default&#8220; width=&#8220;70%&#8220; width_tablet=&#8220;90%&#8220; width_phone=&#8220;90%&#8220; width_last_edited=&#8220;on|tablet&#8220; max_width_tablet=&#8220;&#8220; max_width_phone=&#8220;&#8220; max_width_last_edited=&#8220;on|phone&#8220; module_alignment=&#8220;center&#8220; custom_margin=&#8220;-50px|auto||auto||&#8220; global_colors_info=&#8220;{}&#8220;][et_pb_column type=&#8220;4_4&#8243; _builder_version=&#8220;4.16&#8243; _module_preset=&#8220;default&#8220; custom_padding=&#8220;|||&#8220; global_colors_info=&#8220;{}&#8220; custom_padding__hover=&#8220;|||&#8220;][et_pb_text admin_label=&#8220;Text&#8220; _builder_version=&#8220;4.21.0&#8243; _module_preset=&#8220;default&#8220; background_size=&#8220;initial&#8220; background_position=&#8220;top_left&#8220; background_repeat=&#8220;repeat&#8220; hover_enabled=&#8220;0&#8243; global_colors_info=&#8220;{}&#8220; sticky_enabled=&#8220;0&#8243;]<\/p>\n<h1><strong style=\"font-size: 30px;\">Stornogeb\u00fchren:<\/strong><\/h1>\n<p>Aufgrund schlechter Erfahrungen der letzten Jahre sehen wir uns leider gezwungen Geb\u00fchren f\u00fcr Stornierungen zu verlangen. Wie empfehlen Ihnen hierf\u00fcr unsere g\u00fcnstige Reiser\u00fccktrittsversicherung abzuschlie\u00dfen. Soweit von uns hier nicht anders definiert gilt das italienische G\u00e4steaufnahmevertragsrecht (siehe Seitenende). Ist es uns m\u00f6glich, das Appartement anderweitig zu vergeben, so entf\u00e4llt die Zahlungsverpflichtung des Gastes in H\u00f6he der erzielten Einnahmen f\u00fcr diesen Zeitraum.<\/p>\n<h3>Buchungsbedingungen 2023<\/h3>\n<p>Vorfreunde ist bekanntlich die sch\u00f6nste Freude. F\u00fcr Sie ohne faden Beigeschmack, weil f\u00fcr unsere G\u00e4ste kurzfristige krankheitsbedingte Stornierungen kostenlos sind, wenn sie unsere Reiser\u00fccktrittsversicherung abgeschlossen haben.<\/p>\n<p>Die Stornierung muss schriftlich erfolgen.<\/p>\n<h3>Stornierungsinformationen<\/h3>\n<p>Wir wissen, dass Stornierungen \u00e4rgerlich sind, sowohl f\u00fcr Sie als auch f\u00fcr uns. Es ist f\u00fcr alle schade, wenn Zimmer frei bleiben, besonders f\u00fcr andere G\u00e4ste die gerne gekommen w\u00e4ren. Uns ist wichtig, transparent und \u00fcbersichtlich \u00fcber unsere Stornierungsbedingungen zu informieren, um Ihnen auch weiterhin Fairness und Preisstabilit\u00e4t bieten zu k\u00f6nnen.<\/p>\n<p><strong>F\u00fcr den Fall, dass Sie Ihren gebuchten Urlaub stornieren m\u00fcssen, gelten folgende Bedingungen:<\/strong><\/p>\n<p>\u2022 Bei einer Stornierung bis zu 8 Wochen vor Ihrem geplanten Urlaubsantritt erstatten wir Ihnen Ihre Anzahlung abz\u00fcglich einer Bearbeitungsgeb\u00fchr von 50 \u20ac.<br \/>\u2022 Bei einer Stornierung ab der 8. bis zur 4. Woche vor Ihrer Anreise verf\u00e4llt Ihre Anzahlung nicht. Sie haben die M\u00f6glichkeit, diese f\u00fcr Buchungen innerhalb der darauf folgenden 18 Monate zu verwenden. Sollten Sie innerhalb dieses Zeitraums keine weitere Buchung vornehmen, verf\u00e4llt die Anzahlung zugunsten des Hotels.<br \/>\u2022 Bei einer Stornierung 4 Wochen vor Ihrer Anreise werden 70% des gesamten gebuchten Arrangements in Rechnung gestellt. Bei einer Stornierung eine Woche vor Anreise berechnen wir 100% des gesamten gebuchten Arrangements.<br \/>\u2022 Im Falle einer versp\u00e4teten Ankunft oder vorzeitigen Abreise wird die gesamte gebuchte Aufenthaltsdauer in Rechnung gestellt.<\/p>\n<p>Wir hoffen, dass Sie Ihren Urlaub wie geplant antreten k\u00f6nnen und diese Informationen Ihnen lediglich als Referenz dienen. Sollte jedoch eine Stornierung unvermeidlich sein, bitten wir Sie, uns so fr\u00fch wie m\u00f6glich dar\u00fcber zu informieren, damit wir Ihre Reservierung entsprechend bearbeiten k\u00f6nnen.<\/p>\n<p>Sollten Sie weitere Fragen haben oder Unterst\u00fctzung ben\u00f6tigen, stehen wir Ihnen gerne zur Verf\u00fcgung. Bitte kontaktieren Sie unser Team, das Ihnen mit Rat und Tat zur Seite stehen wird.<\/p>\n<p>Wir freuen uns darauf, Sie demn\u00e4chst bei uns begr\u00fc\u00dfen zu d\u00fcrfen! Ihr Wohlbefinden und Ihre Zufriedenheit sind uns ein wichtiges Anliegen.<\/p>\n<p>Bis bald!<br \/><strong>Ihre Familie Gamper<\/strong><\/p>\n<h3>Auszug aus dem italienischen G\u00e4steaufnahmevertragsrecht:<\/h3>\n<p>Die gesetzlichen Bestimmungen bei einem Reiser\u00fccktritt, versp\u00e4teter Anreise oder vorzeitiger Abreise sind in den untenstehenden Ausf\u00fchrungen erl\u00e4utert.<\/p>\n<h4>1. Vertragsabschluss:<\/h4>\n<p>Mit der Bestellung, Buchung, Zusage oder kurzfristiger Bereitstellung der Unterkunft und darauffolgenden Reservierungsbest\u00e4tigung kommt ein Gastaufnahmevertrag zustande, der beide Vertragspartner verpflichtet, den Vertrag zu erf\u00fcllen, mit all seinen Rechten und Pflichten, gleichg\u00fcltig auf welche Dauer der Vertrag abgeschlossen wurde.<\/p>\n<h4>2. Leistungen:<\/h4>\n<p>Der Gastaufnahmevertrag ist abgeschlossen, sobald das Zimmer bestellt und von beiden Vertragsparteien m\u00fcndlich oder schriftlich zugesagt wurde. Mit Abschluss des Gastaufnahmevertrages verpflichten sich die Parteien f\u00fcr die gesamte Dauer des Vertrages zur Erf\u00fcllung der folgenden gegenseitigen Verpflichtungen aus dem Vertrag: a) Der Gastwirt ist verpflichtet, die jeweilige Unterkunft im nutzungsgerechten Zustand und entsprechend der Bestellung bereitzustellen. b) Der Gast ist verpflichtet, das vertraglich geschuldete Entgelt f\u00fcr die Zeit (Dauer) der Bestellung der Unterkunft zu entrichten. c) Der Gast wird von der Entrichtung des vertraglich geschuldeten Entgelts nicht dadurch befreit, dass er, unabh\u00e4ngig vom Grund der Verhinderung, an der Aus\u00fcbung des ihm zustehenden Gebrauchsrechtes verhindert wird. d) Beruht die Verhinderung jedoch auf einem Grund, den der Gastwirt zu vertreten hat, wird der Gast von der Entrichtung des vertraglich geschuldeten Entgelts frei.<\/p>\n<h4>3. Versp\u00e4tete Anreise\/Vorzeitige Abreise:<\/h4>\n<p>Bei versp\u00e4teter Anreise oder vorzeitiger Abreise (unabh\u00e4ngig davon, ob die Aufenthaltsdauer m\u00fcndlich oder schriftlich vereinbart wurde) werden die Aufenthaltskosten (Zimmerpreis ohne Verpflegungs-Leistungen) auch f\u00fcr den gesamten Buchungszeitraum zur G\u00e4nze in Rechnung gestellt.<\/p>\n<h4>4. R\u00fccktritt:<\/h4>\n<p>Bei nicht erfolgter Inanspruchnahme der Zimmerreservierung ist der Gast verpflichtet, die \u00dcbernachtungskosten f\u00fcr die gesamte Aufenthaltsdauer voll zu bezahlen. Ausschlie\u00dflicher Gerichtsstand ist der Betriebsort.<\/p>\n<p>[\/et_pb_text][\/et_pb_column][\/et_pb_row][\/et_pb_section]<\/p>\n","protected":false},"excerpt":{"rendered":"<p>STORNO BEDINGUNGENStornogeb\u00fchren: Aufgrund schlechter Erfahrungen der letzten Jahre sehen wir uns leider gezwungen Geb\u00fchren f\u00fcr Stornierungen zu verlangen. Wie empfehlen Ihnen hierf\u00fcr unsere g\u00fcnstige Reiser\u00fccktrittsversicherung abzuschlie\u00dfen. Soweit von uns hier nicht anders definiert gilt das italienische G\u00e4steaufnahmevertragsrecht (siehe Seitenende). Ist es uns m\u00f6glich, das Appartement anderweitig zu vergeben, so entf\u00e4llt die Zahlungsverpflichtung des Gastes in [&hellip;]<\/p>\n","protected":false},"author":2,"featured_media":0,"parent":87,"menu_order":68,"comment_status":"closed","ping_status":"closed","template":"","meta":{"_et_pb_use_builder":"on","_et_pb_old_content":"","_et_gb_content_width":"","iawp_total_views":86,"footnotes":""},"difl_page_category":[],"class_list":["post-89","page","type-page","status-publish","hentry"],"_links":{"self":[{"href":"https:\/\/kronenwirt.com\/it\/wp-json\/wp\/v2\/pages\/89","targetHints":{"allow":["GET"]}}],"collection":[{"href":"https:\/\/kronenwirt.com\/it\/wp-json\/wp\/v2\/pages"}],"about":[{"href":"https:\/\/kronenwirt.com\/it\/wp-json\/wp\/v2\/types\/page"}],"author":[{"embeddable":true,"href":"https:\/\/kronenwirt.com\/it\/wp-json\/wp\/v2\/users\/2"}],"replies":[{"embeddable":true,"href":"https:\/\/kronenwirt.com\/it\/wp-json\/wp\/v2\/comments?post=89"}],"version-history":[{"count":4,"href":"https:\/\/kronenwirt.com\/it\/wp-json\/wp\/v2\/pages\/89\/revisions"}],"predecessor-version":[{"id":26497,"href":"https:\/\/kronenwirt.com\/it\/wp-json\/wp\/v2\/pages\/89\/revisions\/26497"}],"up":[{"embeddable":true,"href":"https:\/\/kronenwirt.com\/it\/wp-json\/wp\/v2\/pages\/87"}],"wp:attachment":[{"href":"https:\/\/kronenwirt.com\/it\/wp-json\/wp\/v2\/media?parent=89"}],"wp:term":[{"taxonomy":"difl_page_category","embeddable":true,"href":"https:\/\/kronenwirt.com\/it\/wp-json\/wp\/v2\/difl_page_category?post=89"}],"curies":[{"name":"wp","href":"https:\/\/api.w.org\/{rel}","templated":true}]}}